{"id":14,"date":"2021-11-02T08:17:21","date_gmt":"2021-11-02T08:17:21","guid":{"rendered":"https:\/\/soledaddemo.pencidesign.net\/soledad-modern-news-magazine\/?page_id=14"},"modified":"2026-04-02T06:47:26","modified_gmt":"2026-04-02T04:47:26","slug":"o-nas","status":"publish","type":"page","link":"https:\/\/gnews.cz\/cs_cz\/o-nas\/","title":{"rendered":"GENERAL NEWS \u2013 GNEWS.CZ"},"content":{"rendered":"\t\t<div data-elementor-type=\"wp-page\" data-elementor-id=\"14\" class=\"elementor elementor-14\" data-elementor-post-type=\"page\">\n\t\t\t\t\t\t<div class=\"elementor-element elementor-element-ab750b2 e-con e-atomic-element e-flexbox-base\" data-id=\"ab750b2\" data-element_type=\"e-flexbox\" data-e-type=\"e-flexbox\" data-interaction-id=\"ab750b2\" data-e-type=\"e-flexbox\" data-id=\"ab750b2\">\n\t\t\t\t\t\t\t\n\t\t\t<a\n\t\t\t\t\t\thref=\"https:\/\/gnews.cz\/\"\n\t\t\tclass=\"e-image-link-base\"\n\t\t\ttarget=\"_blank\"\n\t\t\tdata-interaction-id=\"62d6812\"\n\t\t>\n\t\t<img class=\"e-image-base e-62d6812-1494091\" \n\t\t \n\t\t data-e-type=\"widget\" data-id=\"62d6812\"\n\t\t\t\t\t\t\t\t\tid=\"43216\"\n\t\t\t\t\t\t\t\t\t\t\t\tsrc=\"https:\/\/gnews.cz\/wp-content\/uploads\/2026\/04\/photo_2026-04-01_11-46-21.webp\"\n\t\t\t\t\t\t\t\t\t\t\t\twidth=\"1280\"\n\t\t\t\t\t\t\t\t\t\t\t\theight=\"141\"\n\t\t\t\t\t\t\t\t\t\t\t\tsrcset=\"https:\/\/gnews.cz\/wp-content\/uploads\/2026\/04\/photo_2026-04-01_11-46-21.webp 1280w, https:\/\/gnews.cz\/wp-content\/uploads\/2026\/04\/photo_2026-04-01_11-46-21-300x33.webp 300w, https:\/\/gnews.cz\/wp-content\/uploads\/2026\/04\/photo_2026-04-01_11-46-21-1024x113.webp 1024w, https:\/\/gnews.cz\/wp-content\/uploads\/2026\/04\/photo_2026-04-01_11-46-21-768x85.webp 768w, https:\/\/gnews.cz\/wp-content\/uploads\/2026\/04\/photo_2026-04-01_11-46-21-18x2.webp 18w, https:\/\/gnews.cz\/wp-content\/uploads\/2026\/04\/photo_2026-04-01_11-46-21-1170x129.webp 1170w, https:\/\/gnews.cz\/wp-content\/uploads\/2026\/04\/photo_2026-04-01_11-46-21-585x64.webp 585w\"\n\t\t\t\t\t\t\t\t\t\t\t\talt=\"\"\n\t\t\t\t\t\t\/>\n\t\t\t<\/a>\n\t\t\t\t\t<\/div>\n\t\t\t\t<div class=\"elementor-element elementor-element-b348e2b e-con e-atomic-element e-flexbox-base\" data-id=\"b348e2b\" data-element_type=\"e-flexbox\" data-e-type=\"e-flexbox\" data-interaction-id=\"b348e2b\" data-e-type=\"e-flexbox\" data-id=\"b348e2b\">\n\t\t\t\t\t\t\t<h1 \n\t\tdata-interaction-id=\"086a514\" \n\t\tclass=\"e-086a514-7c37cf0 e-heading-base\" \n\t\t \n\t\tdata-e-type=\"widget\" data-id=\"086a514\" \n\t>\n\t\n\t\t\t<br><strong id=\"e-mnfierh5-7zzjbvg\">Redakce a kontakty GENERAL NEWS \u2013 <\/strong><a target=\"_blank\" href=\"http:\/\/GNEWS.CZ\" id=\"e-mnfierh5-ku8gk22\"><strong id=\"e-mnfierh5-k9n0if4\">GNEWS.CZ<\/strong><\/a>\n\t\t<\/h1>\n\t\t\t\t<\/div>\n\t\t<div class=\"elementor-element elementor-element-7257c530 e-flex e-con-boxed e-con e-parent\" data-id=\"7257c530\" data-element_type=\"container\" data-e-type=\"container\">\n\t\t\t\t\t<div class=\"e-con-inner\">\n\t\t\t\t<div class=\"elementor-element elementor-element-2bc8afae elementor-widget elementor-widget-text-editor\" data-id=\"2bc8afae\" data-element_type=\"widget\" data-e-type=\"widget\" data-widget_type=\"text-editor.default\">\n\t\t\t\t<div class=\"elementor-widget-container\">\n\t\t\t\t\t\t\t\t\t<p>5. b\u0159ezna, 2026<\/p>\n<p><!-- \/wp:paragraph --><!-- wp:image {\"id\":41875,\"sizeSlug\":\"full\",\"linkDestination\":\"none\",\"align\":\"center\"} --><\/p>\n<figure class=\"wp-block-image aligncenter size-full\"><img fetchpriority=\"high\" decoding=\"async\" width=\"1024\" height=\"336\" class=\"wp-image-41875 aligncenter\" src=\"https:\/\/gnews.cz\/wp-content\/uploads\/2026\/03\/redakce-a-kontakty-general-news-gnews-cz-ff4c48-1024x336-3.webp\" alt=\"\" srcset=\"https:\/\/gnews.cz\/wp-content\/uploads\/2026\/03\/redakce-a-kontakty-general-news-gnews-cz-ff4c48-1024x336-3.webp 1024w, https:\/\/gnews.cz\/wp-content\/uploads\/2026\/03\/redakce-a-kontakty-general-news-gnews-cz-ff4c48-1024x336-3-300x98.webp 300w, https:\/\/gnews.cz\/wp-content\/uploads\/2026\/03\/redakce-a-kontakty-general-news-gnews-cz-ff4c48-1024x336-3-768x252.webp 768w, https:\/\/gnews.cz\/wp-content\/uploads\/2026\/03\/redakce-a-kontakty-general-news-gnews-cz-ff4c48-1024x336-3-18x6.webp 18w, https:\/\/gnews.cz\/wp-content\/uploads\/2026\/03\/redakce-a-kontakty-general-news-gnews-cz-ff4c48-1024x336-3-585x192.webp 585w\" sizes=\"(max-width: 1024px) 100vw, 1024px\" \/><\/figure>\n<p><!-- \/wp:image --><!-- wp:heading --><\/p>\n<p>\u00a0<\/p>\n<p><!-- \/wp:heading --><!-- wp:paragraph --><\/p>\n<p><strong>General News \u2013 GNEWS.CZ<\/strong> je v \u010cesk\u00e9 republice prvn\u00ed a jedin\u00fd denn\u00ed zpravodajsk\u00fd web se 100% obsahem v <strong>8 jazyc\u00edch<\/strong> (\u010de\u0161tina, angli\u010dtina, ital\u0161tina, n\u011bm\u010dina, francouz\u0161tina, \u0161pan\u011bl\u0161tina, ru\u0161tina, \u010d\u00edn\u0161tina).<\/p>\n<p><!-- \/wp:paragraph --><!-- wp:paragraph --><\/p>\n<p>Na\u0161e redakce General News si klade za c\u00edl p\u0159in\u00e1\u0161et pravdiv\u00e9 a objektivn\u00ed zpr\u00e1vy, kter\u00e9 se v \u010desk\u00e9m medi\u00e1ln\u00edm prostoru \u010dasto neobjevuj\u00ed.<\/p>\n<p><!-- \/wp:paragraph --><\/p>\n<div style=\"background-color: #154375; color: white; padding: 18px 5px 5px 5px; margin-bottom: 15px; margin-top: 15px;\">\n<p><!-- wp:list --><\/p>\n<p>\u00a0<\/p>\n<ul class=\"wp-block-list\">\n<li style=\"list-style-type: none;\">\n<ul class=\"wp-block-list\"><!-- wp:list-item --><\/ul>\n<\/li>\n<\/ul>\n<ul class=\"wp-block-list\">\n<li style=\"list-style-type: none;\">\n<ul class=\"wp-block-list\">\n<li>\n<h4><span style=\"color: #ffffff;\">Nejmodern\u011bj\u0161\u00ed m\u00e9dium v\u00a0\u010cR s nad\u010dasov\u00fdm designem<\/span><\/h4>\n<\/li>\n<\/ul>\n<\/li>\n<\/ul>\n<ul class=\"wp-block-list\">\n<li style=\"list-style-type: none;\">\n<ul class=\"wp-block-list\"><!-- \/wp:list-item --><!-- wp:list-item --><\/ul>\n<\/li>\n<\/ul>\n<ul class=\"wp-block-list\">\n<li style=\"list-style-type: none;\">\n<ul class=\"wp-block-list\">\n<li>\n<h4><span style=\"color: #ffffff;\">Spolupracujeme s 9 sv\u011btov\u00fdmi zpravodajsk\u00fdmi agenturami a novin\u00e1\u0159sk\u00fdmi asociacemi<\/span><\/h4>\n<\/li>\n<\/ul>\n<\/li>\n<\/ul>\n<ul class=\"wp-block-list\">\n<li style=\"list-style-type: none;\">\n<ul class=\"wp-block-list\"><!-- \/wp:list-item --><!-- wp:list-item --><\/ul>\n<\/li>\n<\/ul>\n<ul class=\"wp-block-list\">\n<li style=\"list-style-type: none;\">\n<ul class=\"wp-block-list\">\n<li>\n<h4><span style=\"color: #ffffff;\">P\u0159es 20 let zku\u0161enost\u00ed<\/span><\/h4>\n<\/li>\n<\/ul>\n<\/li>\n<\/ul>\n<ul class=\"wp-block-list\">\n<li style=\"list-style-type: none;\">\n<ul class=\"wp-block-list\"><!-- \/wp:list-item --><!-- wp:list-item --><\/ul>\n<\/li>\n<\/ul>\n<ul class=\"wp-block-list\">\n<li style=\"list-style-type: none;\">\n<ul class=\"wp-block-list\">\n<li>\n<h4><span style=\"color: #ffffff;\">8 jazykov\u00fdch variant a sv\u011btov\u00fd dosah<\/span><\/h4>\n<\/li>\n<\/ul>\n<\/li>\n<\/ul>\n<ul class=\"wp-block-list\">\n<li style=\"list-style-type: none;\">\n<ul class=\"wp-block-list\"><!-- \/wp:list-item --><!-- wp:list-item --><\/ul>\n<\/li>\n<\/ul>\n<ul class=\"wp-block-list\">\n<li style=\"list-style-type: none;\">\n<ul class=\"wp-block-list\">\n<li>\n<h4><span style=\"color: #ffffff;\">Jedno s nejpokrokov\u011bj\u0161\u00edch a nejdynami\u010dt\u011bji se rozv\u00edjej\u00edc\u00edch m\u00e9di\u00ed v \u010cR<\/span><\/h4>\n<\/li>\n<\/ul>\n<\/li>\n<\/ul>\n<ul class=\"wp-block-list\"><!-- \/wp:list-item --><\/ul>\n<h4>\u00a0<\/h4>\n<\/div>\n<p>Zalo\u017een\u00ed denn\u00edho zpravodajsk\u00e9ho webu GENERAL NEWS \u2013 gnews.cz bylo iniciov\u00e1no pot\u0159ebou co nejobjektivn\u011bji informovat spole\u010dnost a p\u0159in\u00e1\u0161et \u010dast\u00e9 strategick\u00e9 zpr\u00e1vy a z\u00e1sadn\u00ed informace z cel\u00e9ho sv\u011bta.<\/p>\n<p><!-- \/wp:paragraph --><!-- wp:paragraph --><\/p>\n<p>V gnews.cz nab\u00edz\u00edme komplexn\u00ed zpravodajstv\u00ed a p\u0159\u00edpadn\u011b i anal\u00fdzy v\u00fdznamn\u00fdch sv\u011btov\u00fdch ud\u00e1lost\u00ed se zvl\u00e1\u0161tn\u00edm z\u0159etelem na t\u00e9mata, jako je mezin\u00e1rodn\u00ed diplomacie, ekonomick\u00fd v\u00fdvoj a politick\u00e9 ud\u00e1losti. Obsah zahrnuje \u010dl\u00e1nky o mezin\u00e1rodn\u00edch vztaz\u00edch, v\u00fdznamn\u00fdch politick\u00fdch ud\u00e1lostech a ekonomick\u00fdch trendech, \u010dasto se zam\u011b\u0159en\u00edm na geopolitickou dynamiku a jej\u00ed d\u016fsledky pro \u010ceskou republiku i mimo ni. Gnews.cz velmi dob\u0159e vypl\u0148uje to, co na trhu chyb\u00ed.<\/p>\n<p><!-- \/wp:paragraph --><\/p>\n<h2 style=\"background-color: #154375; color: white; padding: 18px 5px 5px 5px; margin-bottom: 15px; margin-top: 15px; text-align: center;\"><strong>\u00a0 \u00a0 \u00a0 \u00a0 \u00a0 \u00a0 \u00a0 \u00a0 \u00a0 \u00a0 \u00a0 \u00a0 \u00a0 \u00a0 \u00a0 \u00a0 \u00a0 \u00a0 \u00a0 \u00a0<\/strong><strong>PRAVDA<\/strong>\u00a0\u00a0 \u2013\u00a0\u00a0 <strong>KR\u00c1SA\u00a0 <\/strong>\u00a0\u2013\u00a0\u00a0 <strong>DOBRO\u00a0 \u00a0<\/strong><strong>\u00a0 \u00a0 \u00a0 \u00a0 \u00a0 \u00a0 \u00a0 \u00a0 \u00a0 \u00a0 \u00a0 \u00a0 \u00a0 \u00a0 \u00a0 \u00a0 \u00a0 \u00a0 \u00a0 \u00a0 \u00a0 \u00a0 \u00a0 \u00a0 \u00a0 \u00a0 \u00a0 \u00a0 \u00a0\u00a0<\/strong><\/h2>\n<p><!-- wp:paragraph --><\/p>\n<p>Na\u0161\u00edm c\u00edlem je vn\u00e9st do \u010desk\u00e9ho medi\u00e1ln\u00edho prost\u0159ed\u00ed v\u00edce plurality, v\u00edce \u00fahl\u016f pohledu a tak\u00e9 p\u0159in\u00e1\u0161et do \u010cesk\u00e9 republiky informace, kter\u00e9 u n\u00e1s z r\u016fzn\u00fdch d\u016fvod\u016f, a\u0165 u\u017e kulturn\u00edch \u010di politick\u00fdch, nejsou dostupn\u00e9.<\/p>\n<p><!-- \/wp:paragraph --><!-- wp:paragraph --><\/p>\n<p>Chceme, aby si \u010dten\u00e1\u0159 ud\u011blal vlastn\u00ed kritick\u00fd n\u00e1zor a z\u00edskal mnohem lep\u0161\u00ed a \u0161ir\u0161\u00ed obzor informac\u00ed, podle kter\u00fdch by si v z\u00e1sad\u011b mohl vytvo\u0159it jakousi vlastn\u00ed progn\u00f3zu d\u011bn\u00ed ve spole\u010dnosti. P\u0159in\u00e1\u0161\u00edme zpr\u00e1vy od sv\u011btov\u00fdch politick\u00fdch, kulturn\u00edch a v\u011bdeck\u00fdch \u0161pi\u010dek se zam\u011b\u0159en\u00edm na budoucnost.<\/p>\n<p>\u00a0<\/p>\n<p><!-- \/wp:paragraph --><!-- wp:heading --><\/p>\n<h2 class=\"wp-block-heading\">Slovo \u0161\u00e9fredaktora<\/h2>\n<p><!-- \/wp:heading --><!-- wp:paragraph --><\/p>\n<p>\u201ePro ka\u017ed\u00e9ho z n\u00e1s jsou informace to nejd\u016fle\u017eit\u011bj\u0161\u00ed, proto\u017ee \u0159\u00edd\u00ed na \u017eivot. Tak\u00e9 \u0159\u00edd\u00ed v\u0161e, co se d\u011bje kolem n\u00e1s. Proto jsme tu pro v\u00e1s. Progres posledn\u00edch statistik na\u0161\u00ed sledovanosti ukazuje, \u017ee V\u00e1m m\u00e1me co nab\u00eddnout, a to je pro n\u00e1s radost\u00ed i motivac\u00ed D\u011bkuji V\u00e1m, \u017ee n\u00e1s sledujete a \u010dtete.\u201c<\/p>\n<p>\u00a0<\/p>\n<p><!-- \/wp:paragraph --><!-- wp:heading --><\/p>\n<h2 class=\"wp-block-heading\"><strong>Zakladatelka a majitelka<\/strong><\/h2>\n<p><!-- \/wp:heading --><!-- wp:paragraph --><\/p>\n<p>\u201eNa\u0161\u00edm c\u00edlem, je po vzoru USA, vn\u00e9st do \u010desk\u00e9ho medi\u00e1ln\u00edho prost\u0159ed\u00ed v\u00edce plurality a v\u00edce \u00fahl\u016f pohledu. Cenzura povoluj\u00edc\u00ed jen jeden ofici\u00e1ln\u00ed n\u00e1zor a dogmatick\u00fd p\u0159\u00edstup k n\u011bmu, kde je zlo\u010dinem si pokl\u00e1dat z\u00e1kladn\u00ed a logick\u00e9 ot\u00e1zky, je z dlouhodob\u00e9ho hlediska velmi nebezpe\u010dn\u00e1 \u2013 empiricky mnohokr\u00e1t prok\u00e1z\u00e1no totalitn\u00edmi re\u017eimy a n\u00e1bo\u017eensk\u00fdmi institucemi. Je to osv\u011bd\u010den\u00e1 praktika totalitn\u00edch re\u017eim\u016f jak potla\u010dit jakoukoli opozici a jin\u00e9 pro re\u017eim \u201enebezpe\u010dn\u00e9\u201c n\u00e1zory. Bohu\u017eel se to do jist\u00e9 m\u00edry v Evrop\u011b odehr\u00e1v\u00e1.<\/p>\n<p><!-- \/wp:paragraph --><!-- wp:paragraph --><\/p>\n<p>Po m\u00e9m studiu na Taiwanu a se zku\u0161enost\u00ed s americk\u00fdm stylem v\u00fduky, jsem toho n\u00e1zoru, \u017ee by ka\u017ed\u00fd m\u011bl b\u00fdt vystaven r\u016fzn\u00fdm informac\u00edm, v\u00edce ideologi\u00edm, aby m\u011bl lep\u0161\u00ed vhled do jin\u00fdch kultur a paradigmat v jin\u00fdch \u010d\u00e1stech sv\u011bta. Nikoli fungovat jen ve virtu\u00e1ln\u00ed bublin\u011b, vytvo\u0159en\u00e9 n\u011bkolika z\u00e1padn\u00edmi propagandisty. Nebo\u0165 bez vystaven\u00ed jin\u00fdm n\u00e1zor\u016fm a pohled\u016fm na sv\u011bt, m\u016f\u017ee b\u00fdt ka\u017ed\u00fd velmi snadno manipulov\u00e1n. A v\u00fdsledkem masov\u00e9 medi\u00e1ln\u00ed manipulace \u010dasto b\u00fdv\u00e1 v\u00e1lka. Na ka\u017ed\u00e9 ideologii je n\u011bco pravdy a vz\u00e1jemn\u00fdm porozum\u011bn\u00edm umo\u017en\u00edme m\u00edr.<\/p>\n<p><!-- \/wp:paragraph --><!-- wp:paragraph --><\/p>\n<p>Zpr\u00e1vy a jejich zdroje si sami ov\u011b\u0159ujte. Je to investice, kter\u00e1 se vyplat\u00ed, proto\u017ee odm\u011bnou je PRAVDA. Tak\u00e9 nezapom\u00ednejte na KR\u00c1SU sv\u011bta a pamatujte, \u017ee DOBRO v\u017edy zv\u00edt\u011bz\u00ed.<\/p>\n<p><!-- \/wp:paragraph --><!-- wp:paragraph --><\/p>\n<p>D\u011bkujeme za Va\u0161i p\u0159\u00edze\u0148 a podporu.\u201c<\/p>\n<p>\u00a0<\/p>\n<p><!-- \/wp:paragraph --><!-- wp:image {\"id\":41933,\"sizeSlug\":\"full\",\"linkDestination\":\"none\",\"align\":\"right\"} --><\/p>\n<figure class=\"wp-block-image alignright size-full\"><img decoding=\"async\" width=\"1192\" height=\"532\" class=\"wp-image-41933\" src=\"https:\/\/gnews.cz\/wp-content\/uploads\/2026\/03\/gnews_statistics_2026-03-05-205016.webp\" alt=\"\" srcset=\"https:\/\/gnews.cz\/wp-content\/uploads\/2026\/03\/gnews_statistics_2026-03-05-205016.webp 1192w, https:\/\/gnews.cz\/wp-content\/uploads\/2026\/03\/gnews_statistics_2026-03-05-205016-300x134.webp 300w, https:\/\/gnews.cz\/wp-content\/uploads\/2026\/03\/gnews_statistics_2026-03-05-205016-1024x457.webp 1024w, https:\/\/gnews.cz\/wp-content\/uploads\/2026\/03\/gnews_statistics_2026-03-05-205016-768x343.webp 768w, https:\/\/gnews.cz\/wp-content\/uploads\/2026\/03\/gnews_statistics_2026-03-05-205016-18x8.webp 18w, https:\/\/gnews.cz\/wp-content\/uploads\/2026\/03\/gnews_statistics_2026-03-05-205016-1170x522.webp 1170w, https:\/\/gnews.cz\/wp-content\/uploads\/2026\/03\/gnews_statistics_2026-03-05-205016-585x261.webp 585w\" sizes=\"(max-width: 1192px) 100vw, 1192px\" \/><\/figure>\n<p>\u00a0<\/p>\n<p><!-- \/wp:image --><!-- wp:heading {\"level\":3} --><\/p>\n<h3 class=\"wp-block-heading\"><strong>Spektrum na\u0161ich \u010dten\u00e1\u0159\u016f:<\/strong><\/h3>\n<p><!-- \/wp:heading --><!-- wp:group {\"layout\":{\"type\":\"constrained\"}} --><\/p>\n<div class=\"wp-block-group\">\n<p><!-- wp:list --><\/p>\n<ul class=\"wp-block-list\">\n<li style=\"list-style-type: none;\">\n<ul class=\"wp-block-list\"><!-- wp:list-item --><\/ul>\n<\/li>\n<\/ul>\n<ul class=\"wp-block-list\">\n<li style=\"list-style-type: none;\">\n<ul class=\"wp-block-list\">\n<li>\u010cesk\u00e1 republika 32 %<\/li>\n<\/ul>\n<\/li>\n<\/ul>\n<ul class=\"wp-block-list\">\n<li style=\"list-style-type: none;\">\n<ul class=\"wp-block-list\"><!-- \/wp:list-item --><!-- wp:list-item --><\/ul>\n<\/li>\n<\/ul>\n<ul class=\"wp-block-list\">\n<li style=\"list-style-type: none;\">\n<ul class=\"wp-block-list\">\n<li>USA, Velk\u00e1 Brit\u00e1nie 18 %\u00a0\u00a0\u00a0\u00a0\u00a0<\/li>\n<\/ul>\n<\/li>\n<\/ul>\n<ul class=\"wp-block-list\">\n<li style=\"list-style-type: none;\">\n<ul class=\"wp-block-list\"><!-- \/wp:list-item --><!-- wp:list-item --><\/ul>\n<\/li>\n<\/ul>\n<ul class=\"wp-block-list\">\n<li style=\"list-style-type: none;\">\n<ul class=\"wp-block-list\">\n<li>Singapur, \u010c\u00edna 13 %<\/li>\n<\/ul>\n<\/li>\n<\/ul>\n<ul class=\"wp-block-list\">\n<li style=\"list-style-type: none;\">\n<ul class=\"wp-block-list\"><!-- \/wp:list-item --><!-- wp:list-item --><\/ul>\n<\/li>\n<\/ul>\n<ul class=\"wp-block-list\">\n<li style=\"list-style-type: none;\">\n<ul class=\"wp-block-list\">\n<li>Rusko 12 %<\/li>\n<\/ul>\n<\/li>\n<\/ul>\n<ul class=\"wp-block-list\">\n<li style=\"list-style-type: none;\">\n<ul class=\"wp-block-list\"><!-- \/wp:list-item --><!-- wp:list-item --><\/ul>\n<\/li>\n<\/ul>\n<ul class=\"wp-block-list\">\n<li style=\"list-style-type: none;\">\n<ul class=\"wp-block-list\">\n<li>Ji\u017en\u00ed a St\u0159edn\u00ed Amerika 10 %<\/li>\n<\/ul>\n<\/li>\n<\/ul>\n<ul class=\"wp-block-list\">\n<li style=\"list-style-type: none;\">\n<ul class=\"wp-block-list\"><!-- \/wp:list-item --><!-- wp:list-item --><\/ul>\n<\/li>\n<\/ul>\n<ul class=\"wp-block-list\">\n<li style=\"list-style-type: none;\">\n<ul class=\"wp-block-list\">\n<li>Ostatn\u00ed 15 %<\/li>\n<\/ul>\n<\/li>\n<\/ul>\n<div>\u00a0<\/div>\n<\/div>\n<p><!-- \/wp:paragraph --><!-- wp:heading --><\/p>\n<h2 class=\"wp-block-heading\" style=\"text-align: center;\"><strong>328,950<\/strong><\/h2>\n<p style=\"text-align: center;\"><!-- \/wp:heading --><!-- wp:paragraph --><\/p>\n<p style=\"text-align: center;\"><strong>unik\u00e1tn\u00edch n\u00e1v\u0161t\u011bvn\u00edk\u016f webu za 1 m\u011bs\u00edc<\/strong> (ka\u017ed\u00fd n\u00e1v\u0161t\u011bvn\u00edk je po\u010d\u00edtan\u00fd pouze jednou, bez ohledu na po\u010det n\u00e1v\u0161t\u011bv)\u00a0<\/p>\n<p>\u00a0<\/p>\n<p><!-- \/wp:paragraph --><!-- wp:heading --><\/p>\n<h2 class=\"wp-block-heading\" style=\"text-align: center;\"><strong>1,925,461<\/strong><\/h2>\n<p style=\"text-align: center;\"><!-- \/wp:heading --><!-- wp:paragraph --><\/p>\n<p style=\"text-align: center;\"><strong>zobrazen\u00ed za 1 m\u011bs\u00edc<\/strong><\/p>\n<p><strong>\u00a0<\/strong><\/p>\n<p><!-- \/wp:paragraph --><!-- wp:paragraph --><\/p>\n<p><!-- \/wp:paragraph --><!-- wp:paragraph --><\/p>\n<p>V roce 2023 obdr\u017eel n\u00e1\u0161 redak\u010dn\u00ed t\u00fdm mimo\u0159\u00e1dn\u00e9 ocen\u011bn\u00ed Ministerstva zahrani\u010dn\u00edch v\u011bc\u00ed Kazachst\u00e1nu za zpravodajstv\u00ed o Republice Kazachst\u00e1n.<\/p>\n<p>\u00a0<\/p>\n<p><!-- \/wp:paragraph --><!-- wp:heading {\"level\":3} --><\/p>\n<h3 class=\"wp-block-heading\"><strong>Mo\u017enosti spolupr\u00e1ce<\/strong><\/h3>\n<p><!-- \/wp:heading --><!-- wp:paragraph --><\/p>\n<p><strong>Nab\u00edz\u00edme mo\u017enost spolupr\u00e1ce zejm\u00e9na v t\u011bchto oblastech:<\/strong><\/p>\n<p><!-- \/wp:paragraph --><!-- wp:list --><\/p>\n<ul class=\"wp-block-list\">\n<li style=\"list-style-type: none;\">\n<ul class=\"wp-block-list\"><!-- wp:list-item --><\/ul>\n<\/li>\n<\/ul>\n<ul class=\"wp-block-list\">\n<li style=\"list-style-type: none;\">\n<ul class=\"wp-block-list\">\n<li>Tvorba a publikov\u00e1n\u00ed \u010dl\u00e1nk\u016f<\/li>\n<\/ul>\n<\/li>\n<\/ul>\n<ul class=\"wp-block-list\">\n<li style=\"list-style-type: none;\">\n<ul class=\"wp-block-list\"><!-- \/wp:list-item --><!-- wp:list-item --><\/ul>\n<\/li>\n<\/ul>\n<ul class=\"wp-block-list\">\n<li style=\"list-style-type: none;\">\n<ul class=\"wp-block-list\">\n<li>Bannery pro va\u0161e produkty a slu\u017eby<\/li>\n<\/ul>\n<\/li>\n<\/ul>\n<ul class=\"wp-block-list\">\n<li style=\"list-style-type: none;\">\n<ul class=\"wp-block-list\"><!-- \/wp:list-item --><!-- wp:list-item --><\/ul>\n<\/li>\n<\/ul>\n<ul class=\"wp-block-list\">\n<li style=\"list-style-type: none;\">\n<ul class=\"wp-block-list\">\n<li>PR slu\u017eby a komplexn\u00ed reklama (v\u010detn\u011b sd\u00edlen\u00ed na jin\u00fdch webov\u00fdch str\u00e1nk\u00e1ch)<\/li>\n<\/ul>\n<\/li>\n<\/ul>\n<ul class=\"wp-block-list\">\n<li style=\"list-style-type: none;\">\n<ul class=\"wp-block-list\"><!-- \/wp:list-item --><!-- wp:list-item --><\/ul>\n<\/li>\n<\/ul>\n<ul class=\"wp-block-list\">\n<li style=\"list-style-type: none;\">\n<ul class=\"wp-block-list\">\n<li>Titulky a dabing pro videa<\/li>\n<\/ul>\n<\/li>\n<\/ul>\n<ul class=\"wp-block-list\">\n<li style=\"list-style-type: none;\">\n<ul class=\"wp-block-list\"><!-- \/wp:list-item --><!-- wp:list-item --><\/ul>\n<\/li>\n<\/ul>\n<ul class=\"wp-block-list\">\n<li style=\"list-style-type: none;\">\n<ul class=\"wp-block-list\">\n<li>Videoreport\u00e1\u017ee a rozhovory<\/li>\n<\/ul>\n<\/li>\n<\/ul>\n<ul class=\"wp-block-list\"><!-- \/wp:list-item --><\/ul>\n<p>\u00a0<\/p>\n<p><!-- \/wp:list --><!-- wp:paragraph --><\/p>\n<p><strong>Kontakty:<\/strong><\/p>\n<p><!-- \/wp:paragraph --><!-- wp:list --><\/p>\n<ul class=\"wp-block-list\">\n<li style=\"list-style-type: none;\">\n<ul class=\"wp-block-list\"><!-- wp:list-item --><\/ul>\n<\/li>\n<\/ul>\n<ul class=\"wp-block-list\">\n<li style=\"list-style-type: none;\">\n<ul class=\"wp-block-list\">\n<li><a href=\"mailto:redakce@gnews.cz\">redakce@gnews.cz<\/a><\/li>\n<\/ul>\n<\/li>\n<\/ul>\n<ul class=\"wp-block-list\">\n<li style=\"list-style-type: none;\">\n<ul class=\"wp-block-list\"><!-- \/wp:list-item --><!-- wp:list-item --><\/ul>\n<\/li>\n<\/ul>\n<ul class=\"wp-block-list\">\n<li style=\"list-style-type: none;\">\n<ul class=\"wp-block-list\">\n<li><a href=\"mailto:inzerce@gnews.cz\">inzerce@gnews.cz<\/a><\/li>\n<\/ul>\n<\/li>\n<\/ul>\n<ul class=\"wp-block-list\"><!-- \/wp:list-item --><\/ul>\n<p>\u00a0<\/p>\n<p><!-- \/wp:list --><!-- wp:table {\"hasFixedLayout\":false} --><\/p>\n<figure class=\"wp-block-table\">\n<div class=\"pcrstb-wrap\"><table>\n<tbody>\n<tr>\n<td><strong>\u0160\u00e9fredaktor:<\/strong><\/td>\n<td>Jan Vojt\u011bch (sefredaktor@gnews.cz)<\/td>\n<\/tr>\n<tr>\n<td><strong>Z\u00e1stupce \u0161\u00e9fredaktora\/politika: <\/strong><\/td>\n<td>Thomas Cik<\/td>\n<\/tr>\n<tr>\n<td><strong>Redaktor\/ekonomika:<\/strong><\/td>\n<td>Geoffrey Hunt<\/td>\n<\/tr>\n<tr>\n<td><strong>Redaktorka\/kultura:<\/strong><\/td>\n<td>Jana \u010cern\u00e1<\/td>\n<\/tr>\n<tr>\n<td><strong>Technick\u00e9 z\u00e1zem\u00ed:<\/strong><\/td>\n<td>Petr Kubel\u00edk<\/td>\n<\/tr>\n<tr>\n<td><strong>Grafick\u00e9 studio:<\/strong><\/td>\n<td>G-Grafic<\/td>\n<\/tr>\n<\/tbody>\n<\/table><\/div>\n<\/figure>\n<p><!-- \/wp:table --><!-- wp:paragraph {\"align\":\"center\"} --><\/p>\n<p class=\"has-text-align-center\"><strong>\u00a0<\/strong><\/p>\n<p class=\"has-text-align-center\"><strong>Provozovatel: <\/strong>\u010cesk\u00e1 medi\u00e1ln\u00ed kancel\u00e1\u0159 z. s., I\u010c: 21633100, Bermanova 1009\/12, \u010cakovice, 196 00 Praha<\/p>\n<p><!-- \/wp:paragraph --><!-- wp:paragraph --><\/p>\n<p><!-- \/wp:paragraph --><\/p>\t\t\t\t\t\t\t\t<\/div>\n\t\t\t\t<\/div>\n\t\t\t\t\t<\/div>\n\t\t\t\t<\/div>\n\t\t\t\t<\/div>\n\t\t","protected":false},"excerpt":{"rendered":"<p>Redakce a kontakty GENERAL NEWS \u2013 GNEWS.CZ 5. b\u0159ezna, 2026 \u00a0 General News \u2013 GNEWS.CZ je v \u010cesk\u00e9 republice prvn\u00ed a jedin\u00fd&hellip;<\/p>\n","protected":false},"author":1,"featured_media":41869,"parent":0,"menu_order":0,"comment_status":"closed","ping_status":"closed","template":"page-penci-full-width.php","meta":{"_acf_changed":false,"_lmt_disableupdate":"","_lmt_disable":"","footnotes":""},"class_list":["post-14","page","type-page","status-publish","has-post-thumbnail","hentry"],"acf":[],"aioseo_notices":[],"_links":{"self":[{"href":"https:\/\/gnews.cz\/cs_cz\/wp-json\/wp\/v2\/pages\/14","targetHints":{"allow":["GET"]}}],"collection":[{"href":"https:\/\/gnews.cz\/cs_cz\/wp-json\/wp\/v2\/pages"}],"about":[{"href":"https:\/\/gnews.cz\/cs_cz\/wp-json\/wp\/v2\/types\/page"}],"author":[{"embeddable":true,"href":"https:\/\/gnews.cz\/cs_cz\/wp-json\/wp\/v2\/users\/1"}],"replies":[{"embeddable":true,"href":"https:\/\/gnews.cz\/cs_cz\/wp-json\/wp\/v2\/comments?post=14"}],"version-history":[{"count":5,"href":"https:\/\/gnews.cz\/cs_cz\/wp-json\/wp\/v2\/pages\/14\/revisions"}],"predecessor-version":[{"id":43363,"href":"https:\/\/gnews.cz\/cs_cz\/wp-json\/wp\/v2\/pages\/14\/revisions\/43363"}],"wp:featuredmedia":[{"embeddable":true,"href":"https:\/\/gnews.cz\/cs_cz\/wp-json\/wp\/v2\/media\/41869"}],"wp:attachment":[{"href":"https:\/\/gnews.cz\/cs_cz\/wp-json\/wp\/v2\/media?parent=14"}],"curies":[{"name":"wp","href":"https:\/\/api.w.org\/{rel}","templated":true}]}}