{"id":14,"date":"2021-11-02T08:17:21","date_gmt":"2021-11-02T08:17:21","guid":{"rendered":"https:\/\/soledaddemo.pencidesign.net\/soledad-modern-news-magazine\/?page_id=14"},"modified":"2026-04-22T06:52:14","modified_gmt":"2026-04-22T04:52:14","slug":"uber-uns","status":"publish","type":"page","link":"https:\/\/gnews.cz\/de\/o-nas\/","title":{"rendered":"ALLGEMEINE NACHRICHTEN - GNEWS.CZ"},"content":{"rendered":"<div data-elementor-type=\"wp-page\" data-elementor-id=\"14\" class=\"elementor elementor-14\" data-elementor-post-type=\"page\">\n\t\t\t\t\t\t<div class=\"elementor-element elementor-element-b348e2b e-con e-atomic-element e-flexbox-base\" data-id=\"b348e2b\" data-element_type=\"e-flexbox\" data-e-type=\"e-flexbox\" data-interaction-id=\"b348e2b\">\n\t\t\t\t\t\t\t<h1 \n\t\tdata-interaction-id=\"086a514\" \n\t\tclass=\"e-086a514-7c37cf0 e-heading-base\" \n\t\t \n\t\tdata-e-type=\"widget\" data-id=\"086a514\"\n\t>\n\t\n\t\t\t<strong>Redaktionsmitglieder und Ansprechpartner <\/strong>\n\t\t<\/h1>\n\t\t\t\t<\/div>\n\t\t\t\t<div class=\"elementor-element elementor-element-ab750b2 e-con e-atomic-element e-flexbox-base\" data-id=\"ab750b2\" data-element_type=\"e-flexbox\" data-e-type=\"e-flexbox\" data-interaction-id=\"ab750b2\">\n\t\t\t\t\t\t\t\n\t\t<img class=\"e-image-base e-62d6812-1494091\" \n\t\t\t\t\tdata-interaction-id=\"62d6812\" \n\t\t \n\t\t data-e-type=\"widget\" data-id=\"62d6812\"\n\t\t\t\t\t\t\t\t\tid=\"44372\"\n\t\t\t\t\t\t\t\t\t\t\t\tsrc=\"https:\/\/gnews.cz\/wp-content\/uploads\/2026\/04\/\u56fe\u7247\u5904\u7406-29.webp\"\n\t\t\t\t\t\t\t\t\t\t\t\twidth=\"1500\"\n\t\t\t\t\t\t\t\t\t\t\t\theight=\"116\"\n\t\t\t\t\t\t\t\t\t\t\t\tsrcset=\"https:\/\/gnews.cz\/wp-content\/uploads\/2026\/04\/\u56fe\u7247\u5904\u7406-29.webp 1500w, https:\/\/gnews.cz\/wp-content\/uploads\/2026\/04\/\u56fe\u7247\u5904\u7406-29-300x23.webp 300w, https:\/\/gnews.cz\/wp-content\/uploads\/2026\/04\/\u56fe\u7247\u5904\u7406-29-1024x79.webp 1024w, https:\/\/gnews.cz\/wp-content\/uploads\/2026\/04\/\u56fe\u7247\u5904\u7406-29-768x59.webp 768w, https:\/\/gnews.cz\/wp-content\/uploads\/2026\/04\/\u56fe\u7247\u5904\u7406-29-18x1.webp 18w, https:\/\/gnews.cz\/wp-content\/uploads\/2026\/04\/\u56fe\u7247\u5904\u7406-29-1170x90.webp 1170w, https:\/\/gnews.cz\/wp-content\/uploads\/2026\/04\/\u56fe\u7247\u5904\u7406-29-585x45.webp 585w\"\n\t\t\t\t\t\t\t\t\t\t\t\talt=\"\"\n\t\t\t\t\t\t\/>\n\t\t\t\t\t<\/div>\n\t\t<div class=\"elementor-element elementor-element-7257c530 e-flex e-con-boxed e-con e-parent\" data-id=\"7257c530\" data-element_type=\"container\" data-e-type=\"container\">\n\t\t\t\t\t<div class=\"e-con-inner\">\n\t\t\t\t<div class=\"elementor-element elementor-element-2bc8afae elementor-widget elementor-widget-text-editor\" data-id=\"2bc8afae\" data-element_type=\"widget\" data-e-type=\"widget\" data-widget_type=\"text-editor.default\">\n\t\t\t\t<div class=\"elementor-widget-container\">\n\t\t\t\t\t\t\t\t\t<p>April 21, 2026<\/p>\n<p><!-- \/wp:paragraph --><!-- wp:image {\"id\":41875,\"sizeSlug\":\"full\",\"linkDestination\":\"none\",\"align\":\"center\"} --><\/p>\n<figure class=\"wp-block-image aligncenter size-full\"><img fetchpriority=\"high\" decoding=\"async\" class=\"alignnone wp-image-44369 size-large\" src=\"https:\/\/gnews.cz\/wp-content\/uploads\/2026\/04\/\u56fe\u7247\u5904\u7406-45-1024x575.webp\" alt=\"\" width=\"1024\" height=\"575\" srcset=\"https:\/\/gnews.cz\/wp-content\/uploads\/2026\/04\/\u56fe\u7247\u5904\u7406-45-1024x575.webp 1024w, https:\/\/gnews.cz\/wp-content\/uploads\/2026\/04\/\u56fe\u7247\u5904\u7406-45-300x168.webp 300w, https:\/\/gnews.cz\/wp-content\/uploads\/2026\/04\/\u56fe\u7247\u5904\u7406-45-768x431.webp 768w, https:\/\/gnews.cz\/wp-content\/uploads\/2026\/04\/\u56fe\u7247\u5904\u7406-45-18x10.webp 18w, https:\/\/gnews.cz\/wp-content\/uploads\/2026\/04\/\u56fe\u7247\u5904\u7406-45-1170x657.webp 1170w, https:\/\/gnews.cz\/wp-content\/uploads\/2026\/04\/\u56fe\u7247\u5904\u7406-45-585x328.webp 585w, https:\/\/gnews.cz\/wp-content\/uploads\/2026\/04\/\u56fe\u7247\u5904\u7406-45.webp 1500w\" sizes=\"(max-width: 1024px) 100vw, 1024px\" \/><\/figure>\n<p><!-- \/wp:image --><!-- wp:heading --><\/p>\n<p>\u00a0<\/p>\n<p><!-- \/wp:heading --><!-- wp:paragraph --><\/p>\n<p class=\"translation-block\"><strong>Allgemeine Nachrichten - GNEWS.CZ<\/strong> ist die erste und einzige t\u00e4gliche Nachrichten-Website in der Tschechischen Republik mit 100% Inhalt in <strong>8 Sprachen<\/strong> (Tschechisch, Englisch, Italienisch, Deutsch, Franz\u00f6sisch, Spanisch, Russisch, Chinesisch).<\/p>\n<p><!-- \/wp:paragraph --><!-- wp:paragraph --><\/p>\n<p>Unsere Redaktion f\u00fcr allgemeine Nachrichten hat sich zum Ziel gesetzt, wahre und objektive Nachrichten zu bringen, die in den tschechischen Medien nicht oft zu finden sind.<\/p>\n<p><!-- \/wp:paragraph --><\/p>\n<div style=\"background-color: #154375; color: white; padding: 18px 5px 5px 5px; margin-bottom: 15px; margin-top: 15px;\">\n<p><!-- wp:list --><\/p>\n<p>\u00a0<\/p>\n<ul class=\"wp-block-list\">\n<li style=\"list-style-type: none;\">\n<ul class=\"wp-block-list\"><!-- wp:list-item --><\/ul>\n<\/li>\n<\/ul>\n<ul class=\"wp-block-list\">\n<li style=\"list-style-type: none;\">\n<ul class=\"wp-block-list\">\n<li>\n<h4><span style=\"color: #ffffff;\">Das modernste Medium in der Tschechischen Republik mit zeitlosem Design<\/span><\/h4>\n<\/li>\n<\/ul>\n<\/li>\n<\/ul>\n<ul class=\"wp-block-list\">\n<li style=\"list-style-type: none;\">\n<ul class=\"wp-block-list\"><!-- \/wp:list-item --><!-- wp:list-item --><\/ul>\n<\/li>\n<\/ul>\n<ul class=\"wp-block-list\">\n<li style=\"list-style-type: none;\">\n<ul class=\"wp-block-list\">\n<li>\n<h4><span style=\"color: #ffffff;\">Wir arbeiten mit 9 globalen Nachrichtenagenturen und journalistischen Vereinigungen zusammen<\/span><\/h4>\n<\/li>\n<\/ul>\n<\/li>\n<\/ul>\n<ul class=\"wp-block-list\">\n<li style=\"list-style-type: none;\">\n<ul class=\"wp-block-list\"><!-- \/wp:list-item --><!-- wp:list-item --><\/ul>\n<\/li>\n<\/ul>\n<ul class=\"wp-block-list\">\n<li style=\"list-style-type: none;\">\n<ul class=\"wp-block-list\">\n<li>\n<h4><span style=\"color: #ffffff;\">\u00dcber 20 Jahre Erfahrung<\/span><\/h4>\n<\/li>\n<\/ul>\n<\/li>\n<\/ul>\n<ul class=\"wp-block-list\">\n<li style=\"list-style-type: none;\">\n<ul class=\"wp-block-list\"><!-- \/wp:list-item --><!-- wp:list-item --><\/ul>\n<\/li>\n<\/ul>\n<ul class=\"wp-block-list\">\n<li style=\"list-style-type: none;\">\n<ul class=\"wp-block-list\">\n<li>\n<h4><span style=\"color: #ffffff;\">8 Sprachvarianten und globale Reichweite<\/span><\/h4>\n<\/li>\n<\/ul>\n<\/li>\n<\/ul>\n<ul class=\"wp-block-list\">\n<li style=\"list-style-type: none;\">\n<ul class=\"wp-block-list\"><!-- \/wp:list-item --><!-- wp:list-item --><\/ul>\n<\/li>\n<\/ul>\n<ul class=\"wp-block-list\">\n<li style=\"list-style-type: none;\">\n<ul class=\"wp-block-list\">\n<li>\n<h4><span style=\"color: #ffffff;\">Eines der fortschrittlichsten und sich am dynamischsten entwickelnden Medien in der Tschechischen Republik<\/span><\/h4>\n<\/li>\n<\/ul>\n<\/li>\n<\/ul>\n<ul class=\"wp-block-list\"><!-- \/wp:list-item --><\/ul>\n<h4>\u00a0<\/h4>\n<\/div>\n<p>Die Gr\u00fcndung der t\u00e4glichen Nachrichten-Website GENERAL NEWS - gnews.cz wurde durch das Bed\u00fcrfnis ausgel\u00f6st, die Gesellschaft so objektiv wie m\u00f6glich zu informieren und regelm\u00e4\u00dfig strategische Nachrichten und wichtige Informationen aus der ganzen Welt zu bringen.<\/p>\n<p><!-- \/wp:paragraph --><!-- wp:paragraph --><\/p>\n<p>gnews.cz bietet eine umfassende Berichterstattung und gegebenenfalls eine Analyse der wichtigsten Weltereignisse, wobei der Schwerpunkt auf Themen wie internationale Diplomatie, wirtschaftliche Entwicklungen und politische Ereignisse gelegt wird. Der Inhalt umfasst Artikel \u00fcber internationale Beziehungen, wichtige politische Ereignisse und wirtschaftliche Trends, oft mit einem Schwerpunkt auf geopolitischen Dynamiken und deren Auswirkungen auf die Tschechische Republik und dar\u00fcber hinaus. Gnews.cz f\u00fcllt das, was auf dem Markt fehlt, sehr gut aus.<\/p>\n<p><!-- \/wp:paragraph --><\/p>\n<h1 style=\"background-color: #154375; color: white; padding: 18px 5px 5px 5px; margin-bottom: 15px; margin-top: 15px; text-align: center;\"><strong>\u00a0 \u00a0 \u00a0 \u00a0 \u00a0 \u00a0 \u00a0 \u00a0 \u00a0 \u00a0 \u00a0 \u00a0 \u00a0 \u00a0 \u00a0 \u00a0 \u00a0 \u00a0 \u00a0 \u00a0 \u00a0 \u00a0 \u00a0 \u00a0 \u00a0 <\/strong><strong>WAHRHEIT<\/strong>\u00a0\u00a0 -\u00a0\u00a0 <strong>SCH\u00d6NHEIT\u00a0 <\/strong>\u00a0-\u00a0\u00a0 <strong>GUT\u00a0 \u00a0<\/strong><strong>\u00a0 \u00a0 \u00a0 \u00a0 \u00a0 \u00a0 \u00a0 \u00a0 \u00a0 \u00a0 \u00a0 \u00a0 \u00a0 \u00a0 \u00a0 \u00a0 \u00a0 \u00a0 \u00a0 \u00a0 \u00a0 \u00a0 \u00a0 \u00a0 \u00a0 \u00a0 \u00a0 \u00a0 \u00a0\u00a0<\/strong><\/h1>\n<p><!-- wp:paragraph --><\/p>\n<p>Unser Ziel ist es, mehr Pluralit\u00e4t und mehr Sichtweisen in die tschechische Medienlandschaft zu bringen und Informationen in die Tschechische Republik zu bringen, die hier aus verschiedenen Gr\u00fcnden, sei es kulturell oder politisch, nicht verf\u00fcgbar sind.<\/p>\n<p><!-- \/wp:paragraph --><!-- wp:paragraph --><\/p>\n<p>Wir wollen, dass sich der Leser eine eigene kritische Meinung bildet und einen viel besseren und breiteren Informationshorizont erh\u00e4lt, aus dem er sich im Prinzip seine eigene Prognose \u00fcber das gesellschaftliche Geschehen bilden kann. Wir bringen Nachrichten von den f\u00fchrenden Pers\u00f6nlichkeiten aus Politik, Kultur und Wissenschaft mit Blick auf die Zukunft.<\/p>\n<p>\u00a0<\/p>\n<p><!-- \/wp:paragraph --><!-- wp:heading --><\/p>\n<h2 class=\"wp-block-heading\">Ein Wort des Chefredakteurs<\/h2>\n<p><!-- \/wp:heading --><!-- wp:paragraph --><\/p>\n<p>\"F\u00fcr jeden von uns ist die Information das Wichtigste, denn sie bestimmt unser Leben. Sie bestimmen auch alles, was um uns herum geschieht. Deshalb sind wir f\u00fcr Sie da. Die Entwicklung unserer aktuellen Zuschauerzahlen zeigt, dass wir Ihnen viel zu bieten haben, und das ist unsere Freude und Motivation. Danke f\u00fcrs Zuschauen und Lesen.\"<\/p>\n<p>\u00a0<\/p>\n<p><!-- \/wp:paragraph --><!-- wp:heading --><\/p>\n<h2 class=\"wp-block-heading\"><strong>Gr\u00fcnder und Eigent\u00fcmer<\/strong><\/h2>\n<p><!-- \/wp:heading --><!-- wp:paragraph --><\/p>\n<p>\"Unser Ziel ist es, nach dem Vorbild der USA mehr Pluralit\u00e4t und mehr Standpunkte in die tschechische Medienlandschaft zu bringen. Eine Zensur, die nur eine offizielle Meinung und einen dogmatischen Ansatz zul\u00e4sst, bei dem es ein Verbrechen ist, grundlegende und logische Fragen zu stellen, ist auf lange Sicht sehr gef\u00e4hrlich - das haben totalit\u00e4re Regime und religi\u00f6se Institutionen empirisch mehrfach bewiesen. Es ist eine bew\u00e4hrte Praxis totalit\u00e4rer Regime, jegliche Opposition und andere Ansichten zu unterdr\u00fccken, die f\u00fcr das Regime \"gef\u00e4hrlich\" sind. Leider geschieht dies in gewissem Ma\u00dfe auch in Europa.<\/p>\n<p><!-- \/wp:paragraph --><!-- wp:paragraph --><\/p>\n<p>Nachdem ich in Taiwan studiert und den amerikanischen Unterrichtsstil erlebt habe, bin ich der Meinung, dass jeder mit anderen Informationen und Ideologien in Ber\u00fchrung kommen sollte, um einen besseren Einblick in andere Kulturen und Paradigmen in anderen Teilen der Welt zu bekommen. Wir sollten nicht nur in einer virtuellen Blase leben, die von ein paar westlichen Propagandisten geschaffen wurde. Denn ohne den Kontakt mit anderen Ansichten und Weltanschauungen kann jeder sehr leicht manipuliert werden. Und das Ergebnis der Manipulation durch die Massenmedien ist oft Krieg. An jeder Ideologie ist etwas Wahres dran, und wenn wir uns gegenseitig verstehen, k\u00f6nnen wir Frieden schaffen.<\/p>\n<p><!-- \/wp:paragraph --><!-- wp:paragraph --><\/p>\n<p>Pr\u00fcfen Sie die Nachrichten und ihre Quellen selbst. Es ist eine lohnende Investition, denn die Belohnung ist die WAHRHEIT. Denken Sie auch an die SCH\u00d6NHEIT der Welt und daran, dass das GUTE immer siegen wird.<\/p>\n<p><!-- \/wp:paragraph --><!-- wp:paragraph --><\/p>\n<p>Ich danke Ihnen f\u00fcr Ihre Unterst\u00fctzung.<\/p>\n<p>\u00a0<\/p>\n<h3 class=\"wp-block-heading\"><strong>Spektrum unserer Leser:<\/strong><\/h3>\n<p><!-- \/wp:paragraph --><!-- wp:image {\"id\":41933,\"sizeSlug\":\"full\",\"linkDestination\":\"none\",\"align\":\"right\"} --><\/p>\n<figure class=\"wp-block-image alignright size-full\"><img decoding=\"async\" class=\"aligncenter wp-image-44376 size-full\" src=\"https:\/\/gnews.cz\/wp-content\/uploads\/2026\/04\/\u56fe\u7247\u5904\u7406-26.webp\" alt=\"\" width=\"1500\" height=\"708\" srcset=\"https:\/\/gnews.cz\/wp-content\/uploads\/2026\/04\/\u56fe\u7247\u5904\u7406-26.webp 1500w, https:\/\/gnews.cz\/wp-content\/uploads\/2026\/04\/\u56fe\u7247\u5904\u7406-26-300x142.webp 300w, https:\/\/gnews.cz\/wp-content\/uploads\/2026\/04\/\u56fe\u7247\u5904\u7406-26-1024x483.webp 1024w, https:\/\/gnews.cz\/wp-content\/uploads\/2026\/04\/\u56fe\u7247\u5904\u7406-26-768x362.webp 768w, https:\/\/gnews.cz\/wp-content\/uploads\/2026\/04\/\u56fe\u7247\u5904\u7406-26-18x8.webp 18w, https:\/\/gnews.cz\/wp-content\/uploads\/2026\/04\/\u56fe\u7247\u5904\u7406-26-1170x552.webp 1170w, https:\/\/gnews.cz\/wp-content\/uploads\/2026\/04\/\u56fe\u7247\u5904\u7406-26-585x276.webp 585w\" sizes=\"(max-width: 1500px) 100vw, 1500px\" \/><\/figure>\n<p><!-- \/wp:image --><!-- wp:heading {\"level\":3} --><\/p>\n<ul>\n<li style=\"list-style-type: none;\">\n<ul>\n<li class=\"wp-block-heading\">\u010c<span style=\"font-weight: 400; font-size: 17px;\">Tschechische Republik 32 %<\/span><\/li>\n<\/ul>\n<\/li>\n<\/ul>\n<div class=\"wp-block-group\">\n<ul class=\"wp-block-list\">\n<li style=\"list-style-type: none;\">\n<ul class=\"wp-block-list\"><!-- \/wp:list-item --><!-- wp:list-item --><\/ul>\n<\/li>\n<\/ul>\n<ul class=\"wp-block-list\">\n<li style=\"list-style-type: none;\">\n<ul class=\"wp-block-list\">\n<li>USA, UK 18 %\u00a0\u00a0\u00a0\u00a0\u00a0<\/li>\n<\/ul>\n<\/li>\n<\/ul>\n<ul class=\"wp-block-list\">\n<li style=\"list-style-type: none;\">\n<ul class=\"wp-block-list\"><!-- \/wp:list-item --><!-- wp:list-item --><\/ul>\n<\/li>\n<\/ul>\n<ul class=\"wp-block-list\">\n<li style=\"list-style-type: none;\">\n<ul class=\"wp-block-list\">\n<li>Singapur, China 13 %<\/li>\n<\/ul>\n<\/li>\n<\/ul>\n<ul class=\"wp-block-list\">\n<li style=\"list-style-type: none;\">\n<ul class=\"wp-block-list\"><!-- \/wp:list-item --><!-- wp:list-item --><\/ul>\n<\/li>\n<\/ul>\n<ul class=\"wp-block-list\">\n<li style=\"list-style-type: none;\">\n<ul class=\"wp-block-list\">\n<li>Russland 12 %<\/li>\n<\/ul>\n<\/li>\n<\/ul>\n<ul class=\"wp-block-list\">\n<li style=\"list-style-type: none;\">\n<ul class=\"wp-block-list\"><!-- \/wp:list-item --><!-- wp:list-item --><\/ul>\n<\/li>\n<\/ul>\n<ul class=\"wp-block-list\">\n<li style=\"list-style-type: none;\">\n<ul class=\"wp-block-list\">\n<li>S\u00fcd- und Mittelamerika 10 %<\/li>\n<\/ul>\n<\/li>\n<\/ul>\n<ul class=\"wp-block-list\">\n<li style=\"list-style-type: none;\">\n<ul class=\"wp-block-list\"><!-- \/wp:list-item --><!-- wp:list-item --><\/ul>\n<\/li>\n<\/ul>\n<ul class=\"wp-block-list\">\n<li style=\"list-style-type: none;\">\n<ul class=\"wp-block-list\">\n<li>Sonstige 15 %<\/li>\n<\/ul>\n<\/li>\n<\/ul>\n<div>\u00a0<\/div>\n<\/div>\n<p><!-- \/wp:paragraph --><!-- wp:heading --><\/p>\n<h2 class=\"wp-block-heading\" style=\"text-align: center;\"><strong>419,302<\/strong><\/h2>\n<p style=\"text-align: center;\"><!-- \/wp:heading --><!-- wp:paragraph --><\/p>\n<p style=\"text-align: center;\"><strong>Unique Visitors auf der Website in 1 Monat<\/strong> (jeder Besucher wird nur einmal gez\u00e4hlt, unabh\u00e4ngig von der Anzahl der Besuche)\u00a0<\/p>\n<p>\u00a0<\/p>\n<p><!-- \/wp:paragraph --><!-- wp:heading --><\/p>\n<h2 class=\"wp-block-heading\" style=\"text-align: center;\"><strong>2,257,819<\/strong><\/h2>\n<p style=\"text-align: center;\"><!-- \/wp:heading --><!-- wp:paragraph --><\/p>\n<p style=\"text-align: center;\"><strong>Aufrufe pro 1 Monat<\/strong><\/p>\n<p><strong>\u00a0<\/strong><\/p>\n<p><!-- \/wp:paragraph --><!-- wp:paragraph --><\/p>\n<p><!-- \/wp:paragraph --><!-- wp:paragraph --><\/p>\n<p>Im Jahr 2023 erhielt unsere Redaktion eine besondere Auszeichnung des kasachischen Au\u00dfenministeriums f\u00fcr ihre Berichterstattung \u00fcber die Republik Kasachstan.<\/p>\n<p>\u00a0<\/p>\n<p><!-- \/wp:paragraph --><!-- wp:heading {\"level\":3} --><\/p>\n<h3 class=\"wp-block-heading\"><strong>M\u00f6glichkeiten der Zusammenarbeit<\/strong><\/h3>\n<p><!-- \/wp:heading --><!-- wp:paragraph --><\/p>\n<p><strong>Wir bieten die M\u00f6glichkeit der Zusammenarbeit in den folgenden Bereichen:<\/strong><\/p>\n<p><!-- \/wp:paragraph --><!-- wp:list --><\/p>\n<ul class=\"wp-block-list\">\n<li style=\"list-style-type: none;\">\n<ul class=\"wp-block-list\"><!-- wp:list-item --><\/ul>\n<\/li>\n<\/ul>\n<ul class=\"wp-block-list\">\n<li style=\"list-style-type: none;\">\n<ul class=\"wp-block-list\">\n<li>Erstellung und Ver\u00f6ffentlichung von Artikeln<\/li>\n<\/ul>\n<\/li>\n<\/ul>\n<ul class=\"wp-block-list\">\n<li style=\"list-style-type: none;\">\n<ul class=\"wp-block-list\"><!-- \/wp:list-item --><!-- wp:list-item --><\/ul>\n<\/li>\n<\/ul>\n<ul class=\"wp-block-list\">\n<li style=\"list-style-type: none;\">\n<ul class=\"wp-block-list\">\n<li>Werbebanner f\u00fcr Ihre Produkte und Dienstleistungen<\/li>\n<\/ul>\n<\/li>\n<\/ul>\n<ul class=\"wp-block-list\">\n<li style=\"list-style-type: none;\">\n<ul class=\"wp-block-list\"><!-- \/wp:list-item --><!-- wp:list-item --><\/ul>\n<\/li>\n<\/ul>\n<ul class=\"wp-block-list\">\n<li style=\"list-style-type: none;\">\n<ul class=\"wp-block-list\">\n<li>PR-Dienste und umfassende Werbung (einschlie\u00dflich Weitergabe auf anderen Websites)<\/li>\n<\/ul>\n<\/li>\n<\/ul>\n<ul class=\"wp-block-list\">\n<li style=\"list-style-type: none;\">\n<ul class=\"wp-block-list\"><!-- \/wp:list-item --><!-- wp:list-item --><\/ul>\n<\/li>\n<\/ul>\n<ul class=\"wp-block-list\">\n<li style=\"list-style-type: none;\">\n<ul class=\"wp-block-list\">\n<li>Untertitel und Synchronisierung von Videos<\/li>\n<\/ul>\n<\/li>\n<\/ul>\n<ul class=\"wp-block-list\">\n<li style=\"list-style-type: none;\">\n<ul class=\"wp-block-list\"><!-- \/wp:list-item --><!-- wp:list-item --><\/ul>\n<\/li>\n<\/ul>\n<ul class=\"wp-block-list\">\n<li style=\"list-style-type: none;\">\n<ul class=\"wp-block-list\">\n<li>Videoberichte und Interviews<\/li>\n<\/ul>\n<\/li>\n<\/ul>\n<ul class=\"wp-block-list\"><!-- \/wp:list-item --><\/ul>\n<p>\u00a0<\/p>\n<p><!-- \/wp:list --><!-- wp:paragraph --><\/p>\n<p><strong>Kontakte:<\/strong><\/p>\n<p><!-- \/wp:paragraph --><!-- wp:list --><\/p>\n<ul class=\"wp-block-list\">\n<li style=\"list-style-type: none;\">\n<ul class=\"wp-block-list\"><!-- wp:list-item --><\/ul>\n<\/li>\n<\/ul>\n<ul class=\"wp-block-list\">\n<li style=\"list-style-type: none;\">\n<ul class=\"wp-block-list\">\n<li>redakce@gnews.cz<\/li>\n<\/ul>\n<\/li>\n<\/ul>\n<ul class=\"wp-block-list\">\n<li style=\"list-style-type: none;\">\n<ul class=\"wp-block-list\"><!-- \/wp:list-item --><!-- wp:list-item --><\/ul>\n<\/li>\n<\/ul>\n<ul class=\"wp-block-list\">\n<li style=\"list-style-type: none;\">\n<ul class=\"wp-block-list\">\n<li>inzerce@gnews.cz<\/li>\n<\/ul>\n<\/li>\n<\/ul>\n<ul class=\"wp-block-list\"><!-- \/wp:list-item --><\/ul>\n<p>\u00a0<\/p>\n<p><!-- \/wp:list --><!-- wp:table {\"hasFixedLayout\":false} --><\/p>\n<figure class=\"wp-block-table\">\n<div class=\"pcrstb-wrap\"><table>\n<tbody>\n<tr>\n<td><strong>Chefredakteur:<\/strong><\/td>\n<td>Jan Vojt\u011bch (sefredaktor@gnews.cz)<\/td>\n<\/tr>\n<tr>\n<td><strong>Stellvertretender Redakteur\/Politiker: <\/strong><\/td>\n<td>Thomas Cic<\/td>\n<\/tr>\n<tr>\n<td><strong>Redaktion\/Wirtschaft:<\/strong><\/td>\n<td>Geoffrey Hunt<\/td>\n<\/tr>\n<tr>\n<td><strong>Herausgeber\/Kultur:<\/strong><\/td>\n<td>Jana Cerna<\/td>\n<\/tr>\n<tr>\n<td><strong>Technischer Hintergrund:<\/strong><\/td>\n<td>Petr Kubel\u00edk<\/td>\n<\/tr>\n<tr>\n<td><strong>Grafisches Studio:<\/strong><\/td>\n<td>G-Grafik<\/td>\n<\/tr>\n<\/tbody>\n<\/table><\/div>\n<\/figure>\n<p><!-- \/wp:table --><!-- wp:paragraph {\"align\":\"center\"} --><\/p>\n<p class=\"has-text-align-center\"><strong>\u00a0<\/strong><\/p>\n<p class=\"has-text-align-center\"><strong>Operator: <\/strong>Czech Media Agency z. s., ID: 21633100, Bermanova 1009\/12, \u010cakovice, 196 00 Prag<\/p>\n<p>Kontakt: generalnews@gnews.cz<\/p>\n<p class=\"has-text-align-center\">\u00a0<\/p>\n<p class=\"has-text-align-center\">\u00a0<\/p>\n<p><!-- \/wp:paragraph --><!-- wp:paragraph --><\/p>\n<p><!-- \/wp:paragraph --><\/p>\t\t\t\t\t\t\t\t<\/div>\n\t\t\t\t<\/div>\n\t\t\t\t\t\t\t\n\t\t<img class=\"e-image-base\" \n\t\t\t\t\tdata-interaction-id=\"1f579fd\" \n\t\t \n\t\t data-e-type=\"widget\" data-id=\"1f579fd\"\n\t\t\t\t\t\t\t\t\tid=\"44301\"\n\t\t\t\t\t\t\t\t\t\t\t\tsrc=\"https:\/\/gnews.cz\/wp-content\/uploads\/2026\/04\/CMK-LOGO-HD.webp\"\n\t\t\t\t\t\t\t\t\t\t\t\twidth=\"1500\"\n\t\t\t\t\t\t\t\t\t\t\t\theight=\"842\"\n\t\t\t\t\t\t\t\t\t\t\t\tsrcset=\"https:\/\/gnews.cz\/wp-content\/uploads\/2026\/04\/CMK-LOGO-HD.webp 1500w, https:\/\/gnews.cz\/wp-content\/uploads\/2026\/04\/CMK-LOGO-HD-300x168.webp 300w, https:\/\/gnews.cz\/wp-content\/uploads\/2026\/04\/CMK-LOGO-HD-1024x575.webp 1024w, https:\/\/gnews.cz\/wp-content\/uploads\/2026\/04\/CMK-LOGO-HD-768x431.webp 768w, https:\/\/gnews.cz\/wp-content\/uploads\/2026\/04\/CMK-LOGO-HD-18x10.webp 18w, https:\/\/gnews.cz\/wp-content\/uploads\/2026\/04\/CMK-LOGO-HD-1170x657.webp 1170w, https:\/\/gnews.cz\/wp-content\/uploads\/2026\/04\/CMK-LOGO-HD-585x328.webp 585w\"\n\t\t\t\t\t\t\t\t\t\t\t\talt=\"\"\n\t\t\t\t\t\t\/>\n\t\t\t\t\t\t<\/div>\n\t\t\t\t<\/div>\n\t\t\t\t<\/div>","protected":false},"excerpt":{"rendered":"<p>Redaktion und Kontakte 21. April 2026 Allgemeine Nachrichten - GNEWS.CZ ist die erste und einzige t\u00e4gliche Nachrichten-Website in der Tschechischen Republik mit...<\/p>","protected":false},"author":1,"featured_media":41869,"parent":0,"menu_order":0,"comment_status":"closed","ping_status":"closed","template":"page-penci-full-width.php","meta":{"_acf_changed":false,"_lmt_disableupdate":"","_lmt_disable":"","footnotes":""},"class_list":["post-14","page","type-page","status-publish","has-post-thumbnail","hentry"],"acf":[],"aioseo_notices":[],"_links":{"self":[{"href":"https:\/\/gnews.cz\/de\/wp-json\/wp\/v2\/pages\/14","targetHints":{"allow":["GET"]}}],"collection":[{"href":"https:\/\/gnews.cz\/de\/wp-json\/wp\/v2\/pages"}],"about":[{"href":"https:\/\/gnews.cz\/de\/wp-json\/wp\/v2\/types\/page"}],"author":[{"embeddable":true,"href":"https:\/\/gnews.cz\/de\/wp-json\/wp\/v2\/users\/1"}],"replies":[{"embeddable":true,"href":"https:\/\/gnews.cz\/de\/wp-json\/wp\/v2\/comments?post=14"}],"version-history":[{"count":5,"href":"https:\/\/gnews.cz\/de\/wp-json\/wp\/v2\/pages\/14\/revisions"}],"predecessor-version":[{"id":44401,"href":"https:\/\/gnews.cz\/de\/wp-json\/wp\/v2\/pages\/14\/revisions\/44401"}],"wp:featuredmedia":[{"embeddable":true,"href":"https:\/\/gnews.cz\/de\/wp-json\/wp\/v2\/media\/41869"}],"wp:attachment":[{"href":"https:\/\/gnews.cz\/de\/wp-json\/wp\/v2\/media?parent=14"}],"curies":[{"name":"wp","href":"https:\/\/api.w.org\/{rel}","templated":true}]}}