{"id":3,"date":"2023-09-13T21:48:50","date_gmt":"2023-09-13T21:48:50","guid":{"rendered":"https:\/\/www.gnews.cz\/?page_id=3"},"modified":"2026-04-19T15:23:56","modified_gmt":"2026-04-19T13:23:56","slug":"datenschutzbestimmungen","status":"publish","type":"page","link":"https:\/\/gnews.cz\/de\/privacy-policy\/","title":{"rendered":"Datenschutzrichtlinie f\u00fcr GNEWS Reader"},"content":{"rendered":"<h2 class=\"wp-block-heading\"><strong>Letzte Aktualisierung: 8. 4. 2026<\/strong><\/h2>\n\n\n<div class=\"wp-block-image\">\n<figure class=\"aligncenter size-full is-resized\"><img fetchpriority=\"high\" decoding=\"async\" width=\"512\" height=\"512\" src=\"https:\/\/gnews.cz\/wp-content\/uploads\/2026\/04\/\u653e\u5927\u56fe\u7247-1.webp\" alt=\"\" class=\"wp-image-44217\" style=\"width:164px;height:auto\" srcset=\"https:\/\/gnews.cz\/wp-content\/uploads\/2026\/04\/\u653e\u5927\u56fe\u7247-1.webp 512w, https:\/\/gnews.cz\/wp-content\/uploads\/2026\/04\/\u653e\u5927\u56fe\u7247-1-300x300.webp 300w, https:\/\/gnews.cz\/wp-content\/uploads\/2026\/04\/\u653e\u5927\u56fe\u7247-1-150x150.webp 150w, https:\/\/gnews.cz\/wp-content\/uploads\/2026\/04\/\u653e\u5927\u56fe\u7247-1-12x12.webp 12w\" sizes=\"(max-width: 512px) 100vw, 512px\" \/><\/figure>\n<\/div>\n\n\n<p>1. allgemeine Informationen<\/p>\n\n\n\n<p>Diese Datenschutzerkl\u00e4rung gilt f\u00fcr die mobile Anwendung \u201eGNEWS Reader\u201c (im Folgenden als \u201eAnwendung\u201c bezeichnet), die von \u010cesk\u00e1 medi\u00e1ln\u00ed kancel\u00e1\u0159 z. s. (im Folgenden als \u201ewir\u201c, \u201euns\u201c, \u201eunser\u201c bezeichnet) betrieben und bereitgestellt wird. Die Anwendung ist eine kostenlose, nicht-kommerzielle, werbefreie News-Reader-Anwendung, die auf unserer Website https:\/\/gnews.cz\/ ver\u00f6ffentlichte Nachrichteninhalte anzeigt und eine sichere Internet-Suchfunktion bietet, die ausschlie\u00dflich auf unseren eigenen Servern betrieben wird.<\/p>\n\n\n\n<p>Diese Richtlinie wird in \u00dcbereinstimmung mit den Google Play-Entwicklerrichtlinien, der General Data Protection Regulation (GDPR) (EU) 2016\/679, den geltenden Datenschutzgesetzen der Europ\u00e4ischen Union und des Europ\u00e4ischen Wirtschaftsraums sowie den geltenden Datenschutzgesetzen auf Bundes- und Landesebene der Vereinigten Staaten ver\u00f6ffentlicht, einschlie\u00dflich, aber nicht beschr\u00e4nkt auf das kalifornische Gesetz zum Schutz der Online-Privatsph\u00e4re (California Online Privacy Protection Act, CalOPPA), das kalifornische Gesetz zum Schutz der Privatsph\u00e4re von Verbrauchern (California Consumer Privacy Protection Act), ge\u00e4ndert durch das kalifornische Gesetz zum Schutz der Privatsph\u00e4re von Verbrauchern (California Consumer Privacy Rights Act, CCPA\/CPRA), und das Gesetz zum Schutz der Online-Privatsph\u00e4re von Kindern (Children's Online Privacy Protection Act, COPPA).<\/p>\n\n\n\n<p>Durch das Herunterladen, Installieren, \u00d6ffnen oder Verwenden der App best\u00e4tigen Sie, dass Sie die Bedingungen dieser Datenschutzrichtlinie gelesen und verstanden haben und damit einverstanden sind.<\/p>\n\n\n\n<p>2) Angaben zum f\u00fcr die Datenverarbeitung Verantwortlichen<\/p>\n\n\n\n<p>F\u00fcr die Zwecke der DSGVO und der geltenden Datenschutzgesetze ist der f\u00fcr die Datenverarbeitung Verantwortliche:<\/p>\n\n\n\n<p>Tschechisches Medienb\u00fcro z. s.<\/p>\n\n\n\n<p>Bermanova 1009\/12, Prag 9, 196 00, Tschechische Republik<\/p>\n\n\n\n<p>generalnews@gnews.cz<\/p>\n\n\n\n<p>3. die Datenerhebung und -verarbeitung<\/p>\n\n\n\n<p>Wir erkl\u00e4ren hiermit ausdr\u00fccklich, dass die Anmeldung <strong>keine personenbezogenen Daten oder pers\u00f6nlichen Informationen erhebt, verarbeitet, speichert, aufzeichnet oder \u00fcbermittelt<\/strong> seiner Nutzer.<\/p>\n\n\n\n<p>Zu den Kategorien von Daten, die wir NICHT speichern, geh\u00f6ren unter anderem:<\/p>\n\n\n\n<ul class=\"wp-block-list\">\n<li>Pers\u00f6nliche Identifikationsdaten (Name, E-Mail-Adresse, Telefonnummer, Postanschrift, Kontaktangaben)<\/li>\n\n\n\n<li>Ger\u00e4tekennungen (IMEI, Android ID, AAID, MAC-Adresse, Seriennummer)<\/li>\n\n\n\n<li>Standortdaten (genaue oder ungef\u00e4hre Geolokalisierung)<\/li>\n\n\n\n<li>Nutzungsdaten, Browserverlauf, Suchverlauf, Sitzungsprotokolle oder Interaktionsdaten<\/li>\n\n\n\n<li>Kamera-, Mikrofon-, Speicher- oder Sensorinformationen<\/li>\n\n\n\n<li>Finanzielle Details, Zahlungsinformationen oder Kontoanmeldedaten<\/li>\n\n\n\n<li>Alle anderen Informationen, die den Nutzer direkt oder indirekt identifizieren k\u00f6nnen<\/li>\n<\/ul>\n\n\n\n<p>Alle Nachrichteninhalte werden \u00fcber verschl\u00fcsselte HTTPS-Verbindungen abgerufen. Die auf unseren internen Servern verarbeiteten Suchanfragen werden nicht protokolliert, nicht mit einem Nutzer oder Ger\u00e4t in Verbindung gebracht und in keiner Form gespeichert. Es werden keine Nutzeraktivit\u00e4ten nachverfolgt, aufgezeichnet oder gespeichert.<\/p>\n\n\n\n<p>4. Genehmigungen f\u00fcr die Anwendung<\/p>\n\n\n\n<p>Die App fordert keine sensiblen Ger\u00e4teberechtigungen an oder nutzt diese, wie z. B. den Zugriff auf Standort, Kamera, Mikrofon, Kontakte, Speicher oder andere Systemfunktionen, es sei denn, dies ist erforderlich, um Webinhalte anzuzeigen und sichere Suchfunktionen durchzuf\u00fchren. Es werden keine unn\u00f6tigen Berechtigungen angefordert oder verwendet.<\/p>\n\n\n\n<p>5. Dienstleistungen Dritter<\/p>\n\n\n\n<p>Die Bewerbung enth\u00e4lt keine <strong>keine Software-Entwicklungskits (SDKs) von Drittanbietern<\/strong>, Keine Werbenetzwerke, keine Analysetools, keine Integration sozialer Medien, keine Tracking-Skripte und keine externen Dienste.<\/p>\n\n\n\n<p>Es werden keine Daten an Dritte weitergegeben, verkauft, vermietet, verleast, gehandelt oder offengelegt, auch nicht an Werbetreibende, Datenmakler, Analyseanbieter oder Regierungsbeh\u00f6rden, es sei denn, dies wird durch einen verbindlichen und rechtm\u00e4\u00dfigen Gerichtsbeschluss oder geltendes Recht verlangt. In solchen F\u00e4llen beschr\u00e4nken wir die Offenlegung auf das notwendige Minimum und lehnen, soweit gesetzlich zul\u00e4ssig, zu weitgehende Anfragen ab.<\/p>\n\n\n\n<p>6. Datensicherheit<\/p>\n\n\n\n<p>Wir setzen geeignete technische und organisatorische Sicherheitsma\u00dfnahmen ein, um die Integrit\u00e4t und Sicherheit unserer Server und der begrenzten Datenverarbeitung zu gew\u00e4hrleisten. Da wir keine personenbezogenen Daten erheben oder speichern, besteht kein Risiko des unbefugten Zugriffs, der Offenlegung, \u00c4nderung oder Zerst\u00f6rung von Nutzerdaten.<\/p>\n\n\n\n<p>Im Falle eines Sicherheitsvorfalls, der sich auf unsere Systeme auswirkt, werden wir alle geltenden Meldepflichten gem\u00e4\u00df GDPR, CCPA\/CPRA und anderen einschl\u00e4gigen Gesetzen einhalten.<\/p>\n\n\n\n<p>7. Nutzerrechte nach der DSGVO (EWR- und UK-Nutzer)<\/p>\n\n\n\n<p>Wenn Sie sich im Europ\u00e4ischen Wirtschaftsraum (EWR) oder im Vereinigten K\u00f6nigreich befinden, haben Sie nach der DSGVO folgende Rechte:<\/p>\n\n\n\n<ul class=\"wp-block-list\">\n<li>Recht auf Zugang zu personenbezogenen Daten<\/li>\n\n\n\n<li>Recht auf Berichtigung unrichtiger Daten<\/li>\n\n\n\n<li>Recht auf L\u00f6schung (Recht auf Vergessenwerden)<\/li>\n\n\n\n<li>Recht auf Einschr\u00e4nkung der Verarbeitung<\/li>\n\n\n\n<li>Recht auf Daten\u00fcbertragbarkeit<\/li>\n\n\n\n<li>Recht auf Widerspruch gegen die Verarbeitung<\/li>\n\n\n\n<li>Recht auf Widerruf der Zustimmung<\/li>\n<\/ul>\n\n\n\n<p>Da jedoch <strong>wir keine Ihrer pers\u00f6nlichen Daten verarbeiten oder speichern<\/strong>, gelten diese Rechte nicht f\u00fcr Sie. Wir f\u00fchren keine Aufzeichnungen, die mit einer bestimmten oder identifizierbaren Person in Verbindung gebracht werden k\u00f6nnen. Sie k\u00f6nnen uns jedoch eine Anfrage an unsere Kontakt-E-Mail-Adresse senden, und wir werden Ihnen schriftlich best\u00e4tigen, dass wir keine personenbezogenen Daten speichern.<\/p>\n\n\n\n<p>8. Nutzerrechte nach den US-Datenschutzgesetzen<\/p>\n\n\n\n<p>F\u00fcr Nutzer in den Vereinigten Staaten, einschlie\u00dflich in Kalifornien ans\u00e4ssiger Personen, gilt gem\u00e4\u00df den geltenden Datenschutzgesetzen des jeweiligen Bundesstaates Folgendes:<\/p>\n\n\n\n<p>- Wir sammeln keine pers\u00f6nlichen Daten.<\/p>\n\n\n\n<p>- Wir verkaufen keine pers\u00f6nlichen Informationen.<\/p>\n\n\n\n<p>- Wir geben keine personenbezogenen Daten an Dritte weiter.<\/p>\n\n\n\n<p>- Wir verwenden keine personenbezogenen Daten f\u00fcr kontext\u00fcbergreifende, verhaltensbezogene Werbung.<\/p>\n\n\n\n<p>In Kalifornien ans\u00e4ssige Personen k\u00f6nnen einen \u00fcberpr\u00fcfbaren Antrag auf Zugang oder L\u00f6schung pers\u00f6nlicher Daten stellen. Da wir keine derartigen Informationen sammeln, werden wir in unserer Antwort best\u00e4tigen, dass keine derartigen Informationen existieren. Wir diskriminieren keine Nutzer, die ihre Datenschutzrechte wahrnehmen.<\/p>\n\n\n\n<p>Die Anwendung unterst\u00fctzt \u201eDo Not Track\u201c-Signale (DNT) sowohl auf Browser- als auch auf Systemebene. Da es kein Tracking gibt, haben DNT-Einstellungen keine weiteren Auswirkungen auf die Privatsph\u00e4re der Nutzer.<\/p>\n\n\n\n<p>9. die Einhaltung des COPPA<\/p>\n\n\n\n<p>Diese App ist nicht f\u00fcr Kinder unter 13 Jahren bestimmt. Wir sammeln nicht wissentlich Daten von Kindern. Wenn Sie glauben, dass ein Kind uns Informationen zur Verf\u00fcgung gestellt hat, kontaktieren Sie uns bitte sofort und wir werden \u00fcberpr\u00fcfen, ob solche Informationen existieren.<\/p>\n\n\n\n<p>10. \u00c4nderungen an dieser Datenschutzrichtlinie<\/p>\n\n\n\n<p>Wir behalten uns das Recht vor, diese Datenschutzrichtlinie jederzeit zu aktualisieren oder zu \u00e4ndern. Jegliche \u00c4nderungen werden sofort mit der Ver\u00f6ffentlichung einer \u00fcberarbeiteten Version mit einem aktualisierten \u201eZuletzt aktualisiert\u201c-Datum wirksam. Indem Sie die App nach solchen \u00c4nderungen weiterhin nutzen, erkl\u00e4ren Sie sich mit der aktualisierten Richtlinie einverstanden.<\/p>\n\n\n\n<p>11. Kontaktangaben<\/p>\n\n\n\n<p>Wenn Sie Fragen, Beschwerden oder Anfragen zu dieser Datenschutzrichtlinie oder zu unserem Umgang mit personenbezogenen Daten haben, k\u00f6nnen Sie uns unter folgender Adresse kontaktieren:<\/p>\n\n\n\n<p>generalnews@gnews.cz<\/p>\n\n\n\n<p>Bermanova 1009\/12, Prag 9, 196 00, Tschechische Republik<\/p>\n\n\n\n<p>12. geltendes Recht<\/p>\n\n\n\n<p>- F\u00fcr Nutzer in der Europ\u00e4ischen Union und dem Europ\u00e4ischen Wirtschaftsraum: Diese Richtlinie ist in \u00dcbereinstimmung mit der DSGVO und den geltenden EU- und nationalen Datenschutzgesetzen auszulegen.<\/p>\n\n\n\n<p>- F\u00fcr Nutzer in den Vereinigten Staaten: Diese Richtlinie unterliegt den Gesetzen der Tschechischen Republik, ohne Ber\u00fccksichtigung der Grunds\u00e4tze des Kollisionsrechts.<\/p>\n\n\n\n<p><\/p>","protected":false},"excerpt":{"rendered":"<p>Letzte Aktualisierung: 8. April 2026 1. Allgemeine Informationen Diese Datenschutzrichtlinie gilt f\u00fcr die mobile Anwendung \u201eGNEWS Reader\u201c (im Folgenden...<\/p>","protected":false},"author":1,"featured_media":44217,"parent":0,"menu_order":0,"comment_status":"closed","ping_status":"open","template":"","meta":{"_acf_changed":false,"_lmt_disableupdate":"","_lmt_disable":"","footnotes":""},"class_list":["post-3","page","type-page","status-publish","has-post-thumbnail","hentry"],"acf":[],"aioseo_notices":[],"_links":{"self":[{"href":"https:\/\/gnews.cz\/de\/wp-json\/wp\/v2\/pages\/3","targetHints":{"allow":["GET"]}}],"collection":[{"href":"https:\/\/gnews.cz\/de\/wp-json\/wp\/v2\/pages"}],"about":[{"href":"https:\/\/gnews.cz\/de\/wp-json\/wp\/v2\/types\/page"}],"author":[{"embeddable":true,"href":"https:\/\/gnews.cz\/de\/wp-json\/wp\/v2\/users\/1"}],"replies":[{"embeddable":true,"href":"https:\/\/gnews.cz\/de\/wp-json\/wp\/v2\/comments?post=3"}],"version-history":[{"count":2,"href":"https:\/\/gnews.cz\/de\/wp-json\/wp\/v2\/pages\/3\/revisions"}],"predecessor-version":[{"id":44218,"href":"https:\/\/gnews.cz\/de\/wp-json\/wp\/v2\/pages\/3\/revisions\/44218"}],"wp:featuredmedia":[{"embeddable":true,"href":"https:\/\/gnews.cz\/de\/wp-json\/wp\/v2\/media\/44217"}],"wp:attachment":[{"href":"https:\/\/gnews.cz\/de\/wp-json\/wp\/v2\/media?parent=3"}],"curies":[{"name":"wp","href":"https:\/\/api.w.org\/{rel}","templated":true}]}}