{"id":14,"date":"2021-11-02T08:17:21","date_gmt":"2021-11-02T08:17:21","guid":{"rendered":"https:\/\/soledaddemo.pencidesign.net\/soledad-modern-news-magazine\/?page_id=14"},"modified":"2026-05-07T15:37:13","modified_gmt":"2026-05-07T13:37:13","slug":"acerca-de-nosotros","status":"publish","type":"page","link":"https:\/\/gnews.cz\/es\/o-nas\/","title":{"rendered":"NOTICIAS GENERALES - GNEWS.CZ"},"content":{"rendered":"<div data-elementor-type=\"wp-page\" data-elementor-id=\"14\" class=\"elementor elementor-14\" data-elementor-post-type=\"page\">\n\t\t\t\t\t\t<div class=\"elementor-element elementor-element-b348e2b e-con e-atomic-element e-flexbox-base\" data-id=\"b348e2b\" data-element_type=\"e-flexbox\" data-e-type=\"e-flexbox\" data-interaction-id=\"b348e2b\">\n\t\t\t\t\t\t\t<h1 \n\t\tdata-interaction-id=\"086a514\" \n\t\tclass=\"e-086a514-7c37cf0 e-heading-base\" \n\t\t \n\t\t\n\t>\n\t\n\t\t\t<strong>Redacci\u00f3n y contactos <\/strong>\n\t\t<\/h1>\n\t\t\t\t<\/div>\n\t\t\t\t<div class=\"elementor-element elementor-element-ab750b2 e-con e-atomic-element e-flexbox-base\" data-id=\"ab750b2\" data-element_type=\"e-flexbox\" data-e-type=\"e-flexbox\" data-interaction-id=\"ab750b2\">\n\t\t\t\t\t\t\t\n\t\t\t<img class=\"e-image-base e-62d6812-1494091\" \n\t\t\t\t\tdata-interaction-id=\"62d6812\" \n\t\t \n\t\t \n\t\t\t\t\t\t\t\t\tid=\"44372\"\n\t\t\t\t\t\t\t\t\t\t\t\tsrc=\"https:\/\/gnews.cz\/wp-content\/uploads\/2026\/04\/\u56fe\u7247\u5904\u7406-29.webp\"\n\t\t\t\t\t\t\t\t\t\t\t\twidth=\"1500\"\n\t\t\t\t\t\t\t\t\t\t\t\theight=\"116\"\n\t\t\t\t\t\t\t\t\t\t\t\tsrcset=\"https:\/\/gnews.cz\/wp-content\/uploads\/2026\/04\/\u56fe\u7247\u5904\u7406-29.webp 1500w, https:\/\/gnews.cz\/wp-content\/uploads\/2026\/04\/\u56fe\u7247\u5904\u7406-29-300x23.webp 300w, https:\/\/gnews.cz\/wp-content\/uploads\/2026\/04\/\u56fe\u7247\u5904\u7406-29-1024x79.webp 1024w, https:\/\/gnews.cz\/wp-content\/uploads\/2026\/04\/\u56fe\u7247\u5904\u7406-29-768x59.webp 768w, https:\/\/gnews.cz\/wp-content\/uploads\/2026\/04\/\u56fe\u7247\u5904\u7406-29-18x1.webp 18w, https:\/\/gnews.cz\/wp-content\/uploads\/2026\/04\/\u56fe\u7247\u5904\u7406-29-1170x90.webp 1170w, https:\/\/gnews.cz\/wp-content\/uploads\/2026\/04\/\u56fe\u7247\u5904\u7406-29-585x45.webp 585w\"\n\t\t\t\t\t\t\t\t\t\t\t\talt=\"\"\n\t\t\t\t\t\t\/>\n\t\t\t\t\t<\/div>\n\t\t<div class=\"elementor-element elementor-element-7257c530 e-flex e-con-boxed e-con e-parent\" data-id=\"7257c530\" data-element_type=\"container\" data-e-type=\"container\">\n\t\t\t\t\t<div class=\"e-con-inner\">\n\t\t\t\t<div class=\"elementor-element elementor-element-2bc8afae elementor-widget elementor-widget-text-editor\" data-id=\"2bc8afae\" data-element_type=\"widget\" data-e-type=\"widget\" data-widget_type=\"text-editor.default\">\n\t\t\t\t<div class=\"elementor-widget-container\">\n\t\t\t\t\t\t\t\t\t<p>21 de abril de 2026<\/p>\n<p><!-- \/wp:paragraph --><!-- wp:image {\"id\":41875,\"sizeSlug\":\"full\",\"linkDestination\":\"none\",\"align\":\"center\"} --><\/p>\n<figure class=\"wp-block-image aligncenter size-full\"><img fetchpriority=\"high\" decoding=\"async\" class=\"alignnone wp-image-44369 size-large\" src=\"https:\/\/gnews.cz\/wp-content\/uploads\/2026\/04\/\u56fe\u7247\u5904\u7406-45-1024x575.webp\" alt=\"\" width=\"1024\" height=\"575\" srcset=\"https:\/\/gnews.cz\/wp-content\/uploads\/2026\/04\/\u56fe\u7247\u5904\u7406-45-1024x575.webp 1024w, https:\/\/gnews.cz\/wp-content\/uploads\/2026\/04\/\u56fe\u7247\u5904\u7406-45-300x168.webp 300w, https:\/\/gnews.cz\/wp-content\/uploads\/2026\/04\/\u56fe\u7247\u5904\u7406-45-768x431.webp 768w, https:\/\/gnews.cz\/wp-content\/uploads\/2026\/04\/\u56fe\u7247\u5904\u7406-45-18x10.webp 18w, https:\/\/gnews.cz\/wp-content\/uploads\/2026\/04\/\u56fe\u7247\u5904\u7406-45-1170x657.webp 1170w, https:\/\/gnews.cz\/wp-content\/uploads\/2026\/04\/\u56fe\u7247\u5904\u7406-45-585x328.webp 585w, https:\/\/gnews.cz\/wp-content\/uploads\/2026\/04\/\u56fe\u7247\u5904\u7406-45.webp 1500w\" sizes=\"(max-width: 1024px) 100vw, 1024px\" \/><\/figure>\n<p><!-- \/wp:image --><!-- wp:heading --><\/p>\n<p>\u00a0<\/p>\n<p><!-- \/wp:heading --><!-- wp:paragraph --><\/p>\n<p class=\"translation-block\"><strong>Noticias generales - GNEWS.CZ<\/strong> es el primer y \u00fanico sitio web de noticias diarias de la Rep\u00fablica Checa con contenidos 100% en <strong>8 idiomas<\/strong> (checo, ingl\u00e9s, italiano, alem\u00e1n, franc\u00e9s, espa\u00f1ol, ruso y chino).<\/p>\n<p><!-- \/wp:paragraph --><!-- wp:paragraph --><\/p>\n<p>Nuestra redacci\u00f3n de Noticias Generales pretende aportar noticias veraces y objetivas que no suelen encontrarse en los medios de comunicaci\u00f3n checos.<\/p>\n<p><!-- \/wp:paragraph --><\/p>\n<div style=\"background-color: #154375; color: white; padding: 18px 5px 5px 5px; margin-bottom: 15px; margin-top: 15px;\">\n<p><!-- wp:list --><\/p>\n<p>\u00a0<\/p>\n<ul class=\"wp-block-list\">\n<li style=\"list-style-type: none;\">\n<ul class=\"wp-block-list\"><!-- wp:list-item --><\/ul>\n<\/li>\n<\/ul>\n<ul class=\"wp-block-list\">\n<li style=\"list-style-type: none;\">\n<ul class=\"wp-block-list\">\n<li>\n<h4><span style=\"color: #ffffff;\">El medio m\u00e1s moderno de la Rep\u00fablica Checa con un dise\u00f1o atemporal<\/span><\/h4>\n<\/li>\n<\/ul>\n<\/li>\n<\/ul>\n<ul class=\"wp-block-list\">\n<li style=\"list-style-type: none;\">\n<ul class=\"wp-block-list\"><!-- \/wp:list-item --><!-- wp:list-item --><\/ul>\n<\/li>\n<\/ul>\n<ul class=\"wp-block-list\">\n<li style=\"list-style-type: none;\">\n<ul class=\"wp-block-list\">\n<li>\n<h4><span style=\"color: #ffffff;\">Trabajamos con 9 agencias de noticias y asociaciones period\u00edsticas de todo el mundo<\/span><\/h4>\n<\/li>\n<\/ul>\n<\/li>\n<\/ul>\n<ul class=\"wp-block-list\">\n<li style=\"list-style-type: none;\">\n<ul class=\"wp-block-list\"><!-- \/wp:list-item --><!-- wp:list-item --><\/ul>\n<\/li>\n<\/ul>\n<ul class=\"wp-block-list\">\n<li style=\"list-style-type: none;\">\n<ul class=\"wp-block-list\">\n<li>\n<h4><span style=\"color: #ffffff;\">M\u00e1s de 20 a\u00f1os de experiencia<\/span><\/h4>\n<\/li>\n<\/ul>\n<\/li>\n<\/ul>\n<ul class=\"wp-block-list\">\n<li style=\"list-style-type: none;\">\n<ul class=\"wp-block-list\"><!-- \/wp:list-item --><!-- wp:list-item --><\/ul>\n<\/li>\n<\/ul>\n<ul class=\"wp-block-list\">\n<li style=\"list-style-type: none;\">\n<ul class=\"wp-block-list\">\n<li>\n<h4><span style=\"color: #ffffff;\">8 variantes ling\u00fc\u00edsticas y alcance mundial<\/span><\/h4>\n<\/li>\n<\/ul>\n<\/li>\n<\/ul>\n<ul class=\"wp-block-list\">\n<li style=\"list-style-type: none;\">\n<ul class=\"wp-block-list\"><!-- \/wp:list-item --><!-- wp:list-item --><\/ul>\n<\/li>\n<\/ul>\n<ul class=\"wp-block-list\">\n<li style=\"list-style-type: none;\">\n<ul class=\"wp-block-list\">\n<li>\n<h4><span style=\"color: #ffffff;\">Uno de los medios de comunicaci\u00f3n m\u00e1s progresistas y din\u00e1micos de la Rep\u00fablica Checa<\/span><\/h4>\n<\/li>\n<\/ul>\n<\/li>\n<\/ul>\n<ul class=\"wp-block-list\"><!-- \/wp:list-item --><\/ul>\n<h4>\u00a0<\/h4>\n<\/div>\n<p>La fundaci\u00f3n del sitio web de noticias diarias GENERAL NEWS - gnews.cz se inici\u00f3 por la necesidad de informar a la sociedad de la forma m\u00e1s objetiva posible y de traer con frecuencia noticias estrat\u00e9gicas e informaci\u00f3n esencial de todo el mundo.<\/p>\n<p><!-- \/wp:paragraph --><!-- wp:paragraph --><\/p>\n<p>En gnews.cz ofrecemos una cobertura exhaustiva y, en su caso, un an\u00e1lisis de los principales acontecimientos mundiales, con especial atenci\u00f3n a temas como la diplomacia internacional, la evoluci\u00f3n econ\u00f3mica y los acontecimientos pol\u00edticos. El contenido incluye art\u00edculos sobre relaciones internacionales, grandes acontecimientos pol\u00edticos y tendencias econ\u00f3micas, a menudo centrados en la din\u00e1mica geopol\u00edtica y sus implicaciones para la Rep\u00fablica Checa y otros pa\u00edses. Gnews.cz llena muy bien lo que falta en el mercado.<\/p>\n<p><!-- \/wp:paragraph --><\/p>\n<h1 style=\"background-color: #154375; color: white; padding: 18px 5px 5px 5px; margin-bottom: 15px; margin-top: 15px; text-align: center;\"><strong>\u00a0 \u00a0 \u00a0 \u00a0 \u00a0 \u00a0 \u00a0 \u00a0 \u00a0 \u00a0 \u00a0 \u00a0 \u00a0 \u00a0 \u00a0 \u00a0 \u00a0 \u00a0 \u00a0 \u00a0 \u00a0 \u00a0 \u00a0 \u00a0 \u00a0 <\/strong><strong>LA VERDAD<\/strong>\u00a0\u00a0 -\u00a0\u00a0 <strong>BELLEZA\u00a0 <\/strong>\u00a0-\u00a0\u00a0 <strong>BUENA\u00a0 \u00a0<\/strong><strong>\u00a0 \u00a0 \u00a0 \u00a0 \u00a0 \u00a0 \u00a0 \u00a0 \u00a0 \u00a0 \u00a0 \u00a0 \u00a0 \u00a0 \u00a0 \u00a0 \u00a0 \u00a0 \u00a0 \u00a0 \u00a0 \u00a0 \u00a0 \u00a0 \u00a0 \u00a0 \u00a0 \u00a0 \u00a0\u00a0<\/strong><\/h1>\n<p><!-- wp:paragraph --><\/p>\n<p>Nuestro objetivo es aportar m\u00e1s pluralidad y m\u00e1s puntos de vista al entorno medi\u00e1tico checo y traer a la Rep\u00fablica Checa informaci\u00f3n que no est\u00e1 disponible aqu\u00ed por diversas razones, ya sean culturales o pol\u00edticas.<\/p>\n<p><!-- \/wp:paragraph --><!-- wp:paragraph --><\/p>\n<p>Queremos que el lector se forme su propia opini\u00f3n cr\u00edtica y adquiera un horizonte de informaci\u00f3n mucho mejor y m\u00e1s amplio, a partir del cual pueda, en principio, formarse su propio pron\u00f3stico de lo que ocurre en la sociedad. Traemos noticias de los l\u00edderes pol\u00edticos, culturales y cient\u00edficos del mundo con la vista puesta en el futuro.<\/p>\n<p>\u00a0<\/p>\n<p><!-- \/wp:paragraph --><!-- wp:heading --><\/p>\n<h2 class=\"wp-block-heading\">Palabras del redactor jefe<\/h2>\n<p><!-- \/wp:heading --><!-- wp:paragraph --><\/p>\n<p>\u201ePara cada uno de nosotros, la informaci\u00f3n es lo m\u00e1s importante porque controla nuestras vidas. Tambi\u00e9n controla todo lo que ocurre a nuestro alrededor. Por eso estamos aqu\u00ed para usted. El progreso de nuestras \u00faltimas estad\u00edsticas de audiencia demuestra que tenemos algo que ofrecerte, y eso es a la vez una alegr\u00eda y una motivaci\u00f3n para nosotros. Gracias por vernos y leernos\u201c.\u201c<\/p>\n<p>\u00a0<\/p>\n<p><!-- \/wp:paragraph --><!-- wp:heading --><\/p>\n<h2 class=\"wp-block-heading\"><strong>Fundador y propietario<\/strong><\/h2>\n<p><!-- \/wp:heading --><!-- wp:paragraph --><\/p>\n<p>\"Nuestro objetivo es aportar m\u00e1s pluralidad y m\u00e1s puntos de vista al entorno medi\u00e1tico checo, siguiendo el ejemplo de Estados Unidos. La censura que s\u00f3lo permite una opini\u00f3n oficial y un enfoque dogm\u00e1tico de la misma, en la que es un delito plantear preguntas b\u00e1sicas y l\u00f3gicas, es muy peligrosa a largo plazo, como han demostrado emp\u00edricamente muchas veces los reg\u00edmenes totalitarios y las instituciones religiosas. Es una pr\u00e1ctica probada de los reg\u00edmenes totalitarios suprimir cualquier oposici\u00f3n y otros puntos de vista que sean \"peligrosos\" para el r\u00e9gimen. Por desgracia, esto est\u00e1 ocurriendo en cierta medida en Europa.<\/p>\n<p><!-- \/wp:paragraph --><!-- wp:paragraph --><\/p>\n<p>Tras haber estudiado en Taiw\u00e1n y haber experimentado el estilo de ense\u00f1anza estadounidense, soy de la opini\u00f3n de que todo el mundo deber\u00eda estar expuesto a informaci\u00f3n diferente, a m\u00faltiples ideolog\u00edas, para tener una mejor visi\u00f3n de otras culturas y paradigmas en otras partes del mundo. No limitarse a operar en una burbuja virtual creada por unos cuantos propagandistas occidentales. Porque sin exposici\u00f3n a otros puntos de vista y visiones del mundo, cualquiera puede ser manipulado muy f\u00e1cilmente. Y el resultado de la manipulaci\u00f3n de los medios de comunicaci\u00f3n suele ser la guerra. Hay algo de verdad en cada ideolog\u00eda, y comprendi\u00e9ndonos unos a otros podemos hacer posible la paz.<\/p>\n<p><!-- \/wp:paragraph --><!-- wp:paragraph --><\/p>\n<p>Compruebe usted mismo las noticias y sus fuentes. Es una inversi\u00f3n que merece la pena porque la recompensa es la VERDAD. Adem\u00e1s, recuerda la BELLEZA del mundo y recuerda que el BIEN siempre prevalecer\u00e1.<\/p>\n<p><!-- \/wp:paragraph --><!-- wp:paragraph --><\/p>\n<p>Gracias por su apoyo\".<\/p>\n<p>\u00a0<\/p>\n<h3 class=\"wp-block-heading\"><strong>Espectro de nuestros lectores:<\/strong><\/h3>\n<p><!-- \/wp:paragraph --><!-- wp:image {\"id\":41933,\"sizeSlug\":\"full\",\"linkDestination\":\"none\",\"align\":\"right\"} --><\/p>\n<figure class=\"wp-block-image alignright size-full\"><img decoding=\"async\" class=\"aligncenter wp-image-44376 size-full\" src=\"https:\/\/gnews.cz\/wp-content\/uploads\/2026\/04\/\u56fe\u7247\u5904\u7406-26.webp\" alt=\"\" width=\"1500\" height=\"708\" srcset=\"https:\/\/gnews.cz\/wp-content\/uploads\/2026\/04\/\u56fe\u7247\u5904\u7406-26.webp 1500w, https:\/\/gnews.cz\/wp-content\/uploads\/2026\/04\/\u56fe\u7247\u5904\u7406-26-300x142.webp 300w, https:\/\/gnews.cz\/wp-content\/uploads\/2026\/04\/\u56fe\u7247\u5904\u7406-26-1024x483.webp 1024w, https:\/\/gnews.cz\/wp-content\/uploads\/2026\/04\/\u56fe\u7247\u5904\u7406-26-768x362.webp 768w, https:\/\/gnews.cz\/wp-content\/uploads\/2026\/04\/\u56fe\u7247\u5904\u7406-26-18x8.webp 18w, https:\/\/gnews.cz\/wp-content\/uploads\/2026\/04\/\u56fe\u7247\u5904\u7406-26-1170x552.webp 1170w, https:\/\/gnews.cz\/wp-content\/uploads\/2026\/04\/\u56fe\u7247\u5904\u7406-26-585x276.webp 585w\" sizes=\"(max-width: 1500px) 100vw, 1500px\" \/><\/figure>\n<p><!-- \/wp:image --><!-- wp:heading {\"level\":3} --><\/p>\n<ul>\n<li style=\"list-style-type: none;\">\n<ul>\n<li class=\"wp-block-heading\">\u010c<span style=\"font-weight: 400; font-size: 17px;\">Rep\u00fablica Checa 32 %<\/span><\/li>\n<\/ul>\n<\/li>\n<\/ul>\n<div class=\"wp-block-group\">\n<ul class=\"wp-block-list\">\n<li style=\"list-style-type: none;\">\n<ul class=\"wp-block-list\"><!-- \/wp:list-item --><!-- wp:list-item --><\/ul>\n<\/li>\n<\/ul>\n<ul class=\"wp-block-list\">\n<li style=\"list-style-type: none;\">\n<ul class=\"wp-block-list\">\n<li>EE.UU., UK 18 %\u00a0\u00a0\u00a0\u00a0\u00a0<\/li>\n<\/ul>\n<\/li>\n<\/ul>\n<ul class=\"wp-block-list\">\n<li style=\"list-style-type: none;\">\n<ul class=\"wp-block-list\"><!-- \/wp:list-item --><!-- wp:list-item --><\/ul>\n<\/li>\n<\/ul>\n<ul class=\"wp-block-list\">\n<li style=\"list-style-type: none;\">\n<ul class=\"wp-block-list\">\n<li>Singapur, China 13 %<\/li>\n<\/ul>\n<\/li>\n<\/ul>\n<ul class=\"wp-block-list\">\n<li style=\"list-style-type: none;\">\n<ul class=\"wp-block-list\"><!-- \/wp:list-item --><!-- wp:list-item --><\/ul>\n<\/li>\n<\/ul>\n<ul class=\"wp-block-list\">\n<li style=\"list-style-type: none;\">\n<ul class=\"wp-block-list\">\n<li>Rusia 12 %<\/li>\n<\/ul>\n<\/li>\n<\/ul>\n<ul class=\"wp-block-list\">\n<li style=\"list-style-type: none;\">\n<ul class=\"wp-block-list\"><!-- \/wp:list-item --><!-- wp:list-item --><\/ul>\n<\/li>\n<\/ul>\n<ul class=\"wp-block-list\">\n<li style=\"list-style-type: none;\">\n<ul class=\"wp-block-list\">\n<li>Am\u00e9rica Central y del Sur 10 %<\/li>\n<\/ul>\n<\/li>\n<\/ul>\n<ul class=\"wp-block-list\">\n<li style=\"list-style-type: none;\">\n<ul class=\"wp-block-list\"><!-- \/wp:list-item --><!-- wp:list-item --><\/ul>\n<\/li>\n<\/ul>\n<ul class=\"wp-block-list\">\n<li style=\"list-style-type: none;\">\n<ul class=\"wp-block-list\">\n<li>Otros 15 %<\/li>\n<\/ul>\n<\/li>\n<\/ul>\n<div>\u00a0<\/div>\n<\/div>\n<p><!-- \/wp:paragraph --><!-- wp:heading --><\/p>\n<h2 class=\"wp-block-heading\" style=\"text-align: center;\"><strong>419,302<\/strong><\/h2>\n<p style=\"text-align: center;\"><!-- \/wp:heading --><!-- wp:paragraph --><\/p>\n<p style=\"text-align: center;\"><strong>visitantes \u00fanicos al sitio en 1 mes<\/strong> (cada visitante se cuenta una sola vez, independientemente del n\u00famero de visitas)\u00a0<\/p>\n<p>\u00a0<\/p>\n<p><!-- \/wp:paragraph --><!-- wp:heading --><\/p>\n<h2 class=\"wp-block-heading\" style=\"text-align: center;\"><strong>2,257,819<\/strong><\/h2>\n<p style=\"text-align: center;\"><!-- \/wp:heading --><!-- wp:paragraph --><\/p>\n<p style=\"text-align: center;\"><strong>visitas por 1 mes<\/strong><\/p>\n<p><strong>\u00a0<\/strong><\/p>\n<p><!-- \/wp:paragraph --><!-- wp:paragraph --><\/p>\n<p><!-- \/wp:paragraph --><!-- wp:paragraph --><\/p>\n<p>En 2023, nuestro equipo editorial recibi\u00f3 un premio especial del Ministerio de Asuntos Exteriores de Kazajst\u00e1n por su cobertura de la Rep\u00fablica de Kazajst\u00e1n.<\/p>\n<p>\u00a0<\/p>\n<p><!-- \/wp:paragraph --><!-- wp:heading {\"level\":3} --><\/p>\n<h3 class=\"wp-block-heading\"><strong>Oportunidades de cooperaci\u00f3n<\/strong><\/h3>\n<p><!-- \/wp:heading --><!-- wp:paragraph --><\/p>\n<p><strong>Ofrecemos la posibilidad de cooperar en las siguientes \u00e1reas:<\/strong><\/p>\n<p><!-- \/wp:paragraph --><!-- wp:list --><\/p>\n<ul class=\"wp-block-list\">\n<li style=\"list-style-type: none;\">\n<ul class=\"wp-block-list\"><!-- wp:list-item --><\/ul>\n<\/li>\n<\/ul>\n<ul class=\"wp-block-list\">\n<li style=\"list-style-type: none;\">\n<ul class=\"wp-block-list\">\n<li>Creaci\u00f3n y publicaci\u00f3n de art\u00edculos<\/li>\n<\/ul>\n<\/li>\n<\/ul>\n<ul class=\"wp-block-list\">\n<li style=\"list-style-type: none;\">\n<ul class=\"wp-block-list\"><!-- \/wp:list-item --><!-- wp:list-item --><\/ul>\n<\/li>\n<\/ul>\n<ul class=\"wp-block-list\">\n<li style=\"list-style-type: none;\">\n<ul class=\"wp-block-list\">\n<li>Banners para sus productos y servicios<\/li>\n<\/ul>\n<\/li>\n<\/ul>\n<ul class=\"wp-block-list\">\n<li style=\"list-style-type: none;\">\n<ul class=\"wp-block-list\"><!-- \/wp:list-item --><!-- wp:list-item --><\/ul>\n<\/li>\n<\/ul>\n<ul class=\"wp-block-list\">\n<li style=\"list-style-type: none;\">\n<ul class=\"wp-block-list\">\n<li>Servicios de relaciones p\u00fablicas y publicidad integral (incluido el uso compartido en otros sitios web)<\/li>\n<\/ul>\n<\/li>\n<\/ul>\n<ul class=\"wp-block-list\">\n<li style=\"list-style-type: none;\">\n<ul class=\"wp-block-list\"><!-- \/wp:list-item --><!-- wp:list-item --><\/ul>\n<\/li>\n<\/ul>\n<ul class=\"wp-block-list\">\n<li style=\"list-style-type: none;\">\n<ul class=\"wp-block-list\">\n<li>Subt\u00edtulos y doblaje de v\u00eddeos<\/li>\n<\/ul>\n<\/li>\n<\/ul>\n<ul class=\"wp-block-list\">\n<li style=\"list-style-type: none;\">\n<ul class=\"wp-block-list\"><!-- \/wp:list-item --><!-- wp:list-item --><\/ul>\n<\/li>\n<\/ul>\n<ul class=\"wp-block-list\">\n<li style=\"list-style-type: none;\">\n<ul class=\"wp-block-list\">\n<li>V\u00eddeo reportajes y entrevistas<\/li>\n<\/ul>\n<\/li>\n<\/ul>\n<ul class=\"wp-block-list\"><!-- \/wp:list-item --><\/ul>\n<p>\u00a0<\/p>\n<p><!-- \/wp:list --><!-- wp:paragraph --><\/p>\n<p><strong>Contactos:<\/strong><\/p>\n<p><!-- \/wp:paragraph --><!-- wp:list --><\/p>\n<ul class=\"wp-block-list\">\n<li style=\"list-style-type: none;\">\n<ul class=\"wp-block-list\"><!-- wp:list-item --><\/ul>\n<\/li>\n<\/ul>\n<ul class=\"wp-block-list\">\n<li style=\"list-style-type: none;\">\n<ul class=\"wp-block-list\">\n<li>redakce@gnews.cz<\/li>\n<\/ul>\n<\/li>\n<\/ul>\n<ul class=\"wp-block-list\">\n<li style=\"list-style-type: none;\">\n<ul class=\"wp-block-list\"><!-- \/wp:list-item --><!-- wp:list-item --><\/ul>\n<\/li>\n<\/ul>\n<ul class=\"wp-block-list\">\n<li style=\"list-style-type: none;\">\n<ul class=\"wp-block-list\">\n<li>inzerce@gnews.cz<\/li>\n<\/ul>\n<\/li>\n<\/ul>\n<ul class=\"wp-block-list\"><!-- \/wp:list-item --><\/ul>\n<p>\u00a0<\/p>\n<p><!-- \/wp:list --><!-- wp:table {\"hasFixedLayout\":false} --><\/p>\n<figure class=\"wp-block-table\">\n<div class=\"pcrstb-wrap\"><table>\n<tbody>\n<tr>\n<td><strong>Redactor jefe:<\/strong><\/td>\n<td>Jan Vojt\u011bch (sefredaktor@gnews.cz)<\/td>\n<\/tr>\n<tr>\n<td><strong>Director adjunto\/pol\u00edtico: <\/strong><\/td>\n<td>Thomas Cic<\/td>\n<\/tr>\n<tr>\n<td><strong>Redacci\u00f3n\/Econom\u00eda:<\/strong><\/td>\n<td>Geoffrey Hunt<\/td>\n<\/tr>\n<tr>\n<td><strong>Editor\/Cultura:<\/strong><\/td>\n<td>Jana Cerna<\/td>\n<\/tr>\n<tr>\n<td><strong>Formaci\u00f3n t\u00e9cnica:<\/strong><\/td>\n<td>Petr Kubel\u00edk<\/td>\n<\/tr>\n<tr>\n<td><strong>Estudio gr\u00e1fico:<\/strong><\/td>\n<td>G-Gr\u00e1fico<\/td>\n<\/tr>\n<\/tbody>\n<\/table><\/div>\n<\/figure>\n<p><!-- \/wp:table --><!-- wp:paragraph {\"align\":\"center\"} --><\/p>\n<p class=\"has-text-align-center\"><strong>\u00a0<\/strong><\/p>\n<p class=\"has-text-align-center\"><strong>Operadora: <\/strong>Czech Media Agency z. s., ID: 21633100, Bermanova 1009\/12, \u010cakovice, 196 00 Praga<\/p>\n<p>Contacto: generalnews@gnews.cz<\/p>\n<p class=\"has-text-align-center\">\u00a0<\/p>\n<p class=\"has-text-align-center\">\u00a0<\/p>\n<p><!-- \/wp:paragraph --><!-- wp:paragraph --><\/p>\n<p><!-- \/wp:paragraph --><\/p>\t\t\t\t\t\t\t\t<\/div>\n\t\t\t\t<\/div>\n\t\t\t\t\t\t\t\n\t\t\t<img class=\"e-image-base\" \n\t\t\t\t\tdata-interaction-id=\"1f579fd\" \n\t\t \n\t\t \n\t\t\t\t\t\t\t\t\tid=\"44301\"\n\t\t\t\t\t\t\t\t\t\t\t\tsrc=\"https:\/\/gnews.cz\/wp-content\/uploads\/2026\/04\/CMK-LOGO-HD.webp\"\n\t\t\t\t\t\t\t\t\t\t\t\twidth=\"1500\"\n\t\t\t\t\t\t\t\t\t\t\t\theight=\"842\"\n\t\t\t\t\t\t\t\t\t\t\t\tsrcset=\"https:\/\/gnews.cz\/wp-content\/uploads\/2026\/04\/CMK-LOGO-HD.webp 1500w, https:\/\/gnews.cz\/wp-content\/uploads\/2026\/04\/CMK-LOGO-HD-300x168.webp 300w, https:\/\/gnews.cz\/wp-content\/uploads\/2026\/04\/CMK-LOGO-HD-1024x575.webp 1024w, https:\/\/gnews.cz\/wp-content\/uploads\/2026\/04\/CMK-LOGO-HD-768x431.webp 768w, https:\/\/gnews.cz\/wp-content\/uploads\/2026\/04\/CMK-LOGO-HD-18x10.webp 18w, https:\/\/gnews.cz\/wp-content\/uploads\/2026\/04\/CMK-LOGO-HD-1170x657.webp 1170w, https:\/\/gnews.cz\/wp-content\/uploads\/2026\/04\/CMK-LOGO-HD-585x328.webp 585w\"\n\t\t\t\t\t\t\t\t\t\t\t\talt=\"\"\n\t\t\t\t\t\t\/>\n\t\t\t\t\t\t<\/div>\n\t\t\t\t<\/div>\n\t\t\t\t<\/div>","protected":false},"excerpt":{"rendered":"<p>Redacci\u00f3n y contactos 21 de abril de 2026 Noticias generales - GNEWS.CZ es el primer y \u00fanico sitio web de noticias diarias de la Rep\u00fablica Checa con...<\/p>","protected":false},"author":1,"featured_media":41869,"parent":0,"menu_order":0,"comment_status":"closed","ping_status":"closed","template":"page-penci-full-width.php","meta":{"_acf_changed":false,"_lmt_disableupdate":"","_lmt_disable":"","footnotes":""},"class_list":["post-14","page","type-page","status-publish","has-post-thumbnail","hentry"],"acf":[],"aioseo_notices":[],"_links":{"self":[{"href":"https:\/\/gnews.cz\/es\/wp-json\/wp\/v2\/pages\/14","targetHints":{"allow":["GET"]}}],"collection":[{"href":"https:\/\/gnews.cz\/es\/wp-json\/wp\/v2\/pages"}],"about":[{"href":"https:\/\/gnews.cz\/es\/wp-json\/wp\/v2\/types\/page"}],"author":[{"embeddable":true,"href":"https:\/\/gnews.cz\/es\/wp-json\/wp\/v2\/users\/1"}],"replies":[{"embeddable":true,"href":"https:\/\/gnews.cz\/es\/wp-json\/wp\/v2\/comments?post=14"}],"version-history":[{"count":5,"href":"https:\/\/gnews.cz\/es\/wp-json\/wp\/v2\/pages\/14\/revisions"}],"predecessor-version":[{"id":45457,"href":"https:\/\/gnews.cz\/es\/wp-json\/wp\/v2\/pages\/14\/revisions\/45457"}],"wp:featuredmedia":[{"embeddable":true,"href":"https:\/\/gnews.cz\/es\/wp-json\/wp\/v2\/media\/41869"}],"wp:attachment":[{"href":"https:\/\/gnews.cz\/es\/wp-json\/wp\/v2\/media?parent=14"}],"curies":[{"name":"wp","href":"https:\/\/api.w.org\/{rel}","templated":true}]}}