{"id":3,"date":"2023-09-13T21:48:50","date_gmt":"2023-09-13T21:48:50","guid":{"rendered":"https:\/\/www.gnews.cz\/?page_id=3"},"modified":"2026-05-07T16:45:49","modified_gmt":"2026-05-07T14:45:49","slug":"politica-de-privacidad","status":"publish","type":"page","link":"https:\/\/gnews.cz\/es\/privacy-policy\/","title":{"rendered":"Pol\u00edtica de privacidad de GNEWS Reader"},"content":{"rendered":"<h2 class=\"wp-block-heading\"><strong>\u00daltima actualizaci\u00f3n: 8. 4. 2026<\/strong><\/h2>\n\n\n<div class=\"wp-block-image\">\n<figure class=\"aligncenter size-full\"><img fetchpriority=\"high\" decoding=\"async\" width=\"1500\" height=\"842\" src=\"https:\/\/gnews.cz\/wp-content\/uploads\/2026\/05\/\u56fe\u7247\u5904\u7406-39.webp\" alt=\"\" class=\"wp-image-45264\" srcset=\"https:\/\/gnews.cz\/wp-content\/uploads\/2026\/05\/\u56fe\u7247\u5904\u7406-39.webp 1500w, https:\/\/gnews.cz\/wp-content\/uploads\/2026\/05\/\u56fe\u7247\u5904\u7406-39-300x168.webp 300w, https:\/\/gnews.cz\/wp-content\/uploads\/2026\/05\/\u56fe\u7247\u5904\u7406-39-1024x575.webp 1024w, https:\/\/gnews.cz\/wp-content\/uploads\/2026\/05\/\u56fe\u7247\u5904\u7406-39-768x431.webp 768w, https:\/\/gnews.cz\/wp-content\/uploads\/2026\/05\/\u56fe\u7247\u5904\u7406-39-18x10.webp 18w, https:\/\/gnews.cz\/wp-content\/uploads\/2026\/05\/\u56fe\u7247\u5904\u7406-39-1170x657.webp 1170w, https:\/\/gnews.cz\/wp-content\/uploads\/2026\/05\/\u56fe\u7247\u5904\u7406-39-585x328.webp 585w\" sizes=\"(max-width: 1500px) 100vw, 1500px\" \/><\/figure>\n<\/div>\n\n\n<p>1. Informaci\u00f3n general<\/p>\n\n\n\n<p>La presente pol\u00edtica de privacidad se aplica a la aplicaci\u00f3n m\u00f3vil \u201eGNEWS Reader\u201c (en lo sucesivo, la \u201eAplicaci\u00f3n\u201c), operada y suministrada por \u010cesk\u00e1 medi\u00e1ln\u00ed kancel\u00e1\u0159 z. s. (en lo sucesivo, \u201enosotros\u201c, \u201enuestro\u201c). La Aplicaci\u00f3n es una aplicaci\u00f3n de lectura de noticias gratuita, no comercial y sin publicidad que muestra el contenido de las noticias publicadas en nuestro sitio web https:\/\/gnews.cz\/ y proporciona una funci\u00f3n de b\u00fasqueda segura en Internet operada exclusivamente en nuestros propios servidores.<\/p>\n\n\n\n<p>Esta pol\u00edtica se publica de conformidad con la Pol\u00edtica para desarrolladores de Google Play, el Reglamento General de Protecci\u00f3n de Datos (RGPD) (UE) 2016\/679, las leyes de privacidad aplicables de la Uni\u00f3n Europea y del Espacio Econ\u00f3mico Europeo, y las leyes de privacidad federales y estatales aplicables de los Estados Unidos, incluidas, entre otras, la Ley de Protecci\u00f3n de la Privacidad Online de California (CalOPPA), la Ley de Protecci\u00f3n de la Privacidad del Consumidor de California modificada por la Ley de Derechos de Privacidad del Consumidor de California (CCPA\/CPRA) y la Ley de Protecci\u00f3n de la Privacidad Online de los Ni\u00f1os (COPPA).<\/p>\n\n\n\n<p>Al descargar, instalar, abrir o utilizar la App, usted reconoce que ha le\u00eddo, entendido y aceptado los t\u00e9rminos de esta Pol\u00edtica de Privacidad.<\/p>\n\n\n\n<p>2. Datos del responsable del tratamiento<\/p>\n\n\n\n<p>A efectos del GDPR y de la legislaci\u00f3n aplicable en materia de protecci\u00f3n de datos, el responsable del tratamiento es:<\/p>\n\n\n\n<p>\u010cesk\u00e1 medi\u00e1ln\u00ed kancel\u00e1\u0159 z. s. (Czech Media Agency)<\/p>\n\n\n\n<p>Bermanova 1009\/12, Praga 9, 196 00, Rep\u00fablica Checa<\/p>\n\n\n\n<p>generalnews@gnews.cz<\/p>\n\n\n\n<p>3. Recogida y tratamiento de datos<\/p>\n\n\n\n<p>Por la presente declaramos expresamente que la solicitud <strong>no recopila, procesa, almacena, registra ni transmite datos personales o informaci\u00f3n de car\u00e1cter personal<\/strong> de sus usuarios.<\/p>\n\n\n\n<p>Las categor\u00edas de datos que NO almacenamos incluyen, entre otras:<\/p>\n\n\n\n<ul class=\"wp-block-list\">\n<li>Datos de identificaci\u00f3n personal (nombre, direcci\u00f3n de correo electr\u00f3nico, n\u00famero de tel\u00e9fono, direcci\u00f3n postal, datos de contacto)<\/li>\n\n\n\n<li>Identificadores del dispositivo (IMEI, Android ID, AAID, direcci\u00f3n MAC, n\u00famero de serie)<\/li>\n\n\n\n<li>Datos de localizaci\u00f3n (geolocalizaci\u00f3n exacta o aproximada)<\/li>\n\n\n\n<li>Datos de uso, historial de navegaci\u00f3n, historial de b\u00fasqueda, registros de sesi\u00f3n o datos de interacci\u00f3n<\/li>\n\n\n\n<li>Informaci\u00f3n sobre la c\u00e1mara, el micr\u00f3fono, el almacenamiento o los sensores<\/li>\n\n\n\n<li>Datos financieros, informaci\u00f3n de pago o datos de acceso a la cuenta<\/li>\n\n\n\n<li>Cualquier otra informaci\u00f3n que pueda identificar directa o indirectamente al usuario<\/li>\n<\/ul>\n\n\n\n<p>Todo el contenido de los mensajes se recupera a trav\u00e9s de conexiones HTTPS cifradas. Las consultas de b\u00fasqueda procesadas en nuestros servidores internos no se registran, no se asocian a ning\u00fan usuario o dispositivo y no se almacenan de ninguna forma. No se rastrea, registra ni almacena ninguna actividad del usuario.<\/p>\n\n\n\n<p>4. Permisos de aplicaci\u00f3n<\/p>\n\n\n\n<p>La aplicaci\u00f3n no solicita ni utiliza permisos sensibles del dispositivo, como el acceso a la ubicaci\u00f3n, la c\u00e1mara, el micr\u00f3fono, los contactos, el almacenamiento u otras funciones del sistema, excepto cuando es necesario para ver contenido web y realizar funciones de b\u00fasqueda seguras. No se solicitan ni utilizan permisos innecesarios.<\/p>\n\n\n\n<p>5. Servicios de terceros<\/p>\n\n\n\n<p>La solicitud no contiene <strong>sin kits de desarrollo de software (SDK) de terceros<\/strong>, Sin redes publicitarias, sin herramientas de an\u00e1lisis, sin integraci\u00f3n en redes sociales, sin scripts de seguimiento y sin servicios externos.<\/p>\n\n\n\n<p>Los datos no se comparten, venden, alquilan, ceden, intercambian ni revelan a terceros, incluidos anunciantes, intermediarios de datos, proveedores de an\u00e1lisis o autoridades gubernamentales, a menos que as\u00ed lo exija una orden judicial vinculante y legal o la legislaci\u00f3n aplicable. En tales casos, limitaremos la divulgaci\u00f3n al m\u00ednimo necesario y, cuando la ley lo permita, nos opondremos a solicitudes demasiado amplias.<\/p>\n\n\n\n<p>6. 6. Seguridad de los datos<\/p>\n\n\n\n<p>Aplicamos medidas de seguridad t\u00e9cnicas y organizativas adecuadas para garantizar la integridad y seguridad de nuestros servidores y el tratamiento limitado de datos que se lleva a cabo. Dado que no recopilamos ni almacenamos datos personales, no existe riesgo de acceso no autorizado, divulgaci\u00f3n, alteraci\u00f3n o destrucci\u00f3n de los datos de los usuarios.<\/p>\n\n\n\n<p>En caso de cualquier incidente de seguridad que afecte a nuestros sistemas, cumpliremos con todas las obligaciones de notificaci\u00f3n aplicables en virtud del GDPR, CCPA\/CPRA y otra legislaci\u00f3n pertinente.<\/p>\n\n\n\n<p>7. Derechos de los usuarios en virtud del GDPR (usuarios del EEE y del Reino Unido)<\/p>\n\n\n\n<p>Si se encuentra en el Espacio Econ\u00f3mico Europeo (EEE) o en el Reino Unido, tiene los siguientes derechos en virtud del GDPR:<\/p>\n\n\n\n<ul class=\"wp-block-list\">\n<li>Derecho de acceso a los datos personales<\/li>\n\n\n\n<li>Derecho de rectificaci\u00f3n de datos incorrectos<\/li>\n\n\n\n<li>Derecho de supresi\u00f3n (derecho al olvido)<\/li>\n\n\n\n<li>Derecho a la limitaci\u00f3n del tratamiento<\/li>\n\n\n\n<li>Derecho a la portabilidad de los datos<\/li>\n\n\n\n<li>Derecho a oponerse al tratamiento<\/li>\n\n\n\n<li>Derecho a retirar el consentimiento<\/li>\n<\/ul>\n\n\n\n<p>Sin embargo, dado que <strong>no tratamos ni almacenamos ninguno de sus datos personales<\/strong>, Estos derechos no se aplican a usted. No mantenemos ning\u00fan registro que pueda vincularse a una persona concreta o identificable. No obstante, puede enviarnos una consulta a nuestra direcci\u00f3n de correo electr\u00f3nico de contacto y le confirmaremos por escrito que no conservamos ning\u00fan dato personal.<\/p>\n\n\n\n<p>8. Derechos de los usuarios en virtud de la legislaci\u00f3n estadounidense sobre privacidad<\/p>\n\n\n\n<p>Para los usuarios de Estados Unidos, incluidos los residentes en California, se aplica lo siguiente en virtud de la legislaci\u00f3n estatal sobre privacidad:<\/p>\n\n\n\n<p>- No recopilamos datos personales.<\/p>\n\n\n\n<p>- No vendemos informaci\u00f3n personal.<\/p>\n\n\n\n<p>- No compartimos datos personales con terceros.<\/p>\n\n\n\n<p>- No utilizamos datos personales para publicidad contextual que trascienda el comportamiento.<\/p>\n\n\n\n<p>Los residentes en California pueden presentar una solicitud verificable de acceso o eliminaci\u00f3n de informaci\u00f3n personal. Dado que no recopilamos este tipo de informaci\u00f3n, confirmaremos en nuestra respuesta que dicha informaci\u00f3n no existe. No discriminamos a los usuarios por ejercer sus derechos de privacidad.<\/p>\n\n\n\n<p>La aplicaci\u00f3n admite se\u00f1ales \u201eDo Not Track\u201c (DNT) tanto a nivel del navegador como del sistema. Dado que no hay rastreo, la configuraci\u00f3n DNT no tiene m\u00e1s impacto en la privacidad del usuario.<\/p>\n\n\n\n<p>9. Cumplimiento de la normativa COPPA<\/p>\n\n\n\n<p>Esta aplicaci\u00f3n no est\u00e1 destinada a ni\u00f1os menores de 13 a\u00f1os. No recopilamos intencionadamente datos de ni\u00f1os. Si cree que un ni\u00f1o nos ha proporcionado alg\u00fan tipo de informaci\u00f3n, p\u00f3ngase en contacto con nosotros inmediatamente y verificaremos que no existe tal informaci\u00f3n.<\/p>\n\n\n\n<p>10. Cambios en esta pol\u00edtica de privacidad<\/p>\n\n\n\n<p>Nos reservamos el derecho de actualizar o modificar esta Pol\u00edtica de Privacidad en cualquier momento. Cualquier cambio ser\u00e1 efectivo inmediatamente despu\u00e9s de la publicaci\u00f3n de una versi\u00f3n revisada con una fecha actualizada de \u201e\u00daltima actualizaci\u00f3n\u201c. Si contin\u00faa utilizando la Aplicaci\u00f3n despu\u00e9s de que se hayan realizado dichos cambios, significa que acepta la pol\u00edtica actualizada.<\/p>\n\n\n\n<p>11. 11. Datos de contacto<\/p>\n\n\n\n<p>Si tiene alguna pregunta, queja o solicitud en relaci\u00f3n con esta Pol\u00edtica de privacidad o nuestro tratamiento de la informaci\u00f3n personal, puede ponerse en contacto con nosotros en<\/p>\n\n\n\n<p>generalnews@gnews.cz<\/p>\n\n\n\n<p>Bermanova 1009\/12, Praga 9, 196 00, Rep\u00fablica Checa<\/p>\n\n\n\n<p>12. Legislaci\u00f3n aplicable<\/p>\n\n\n\n<p>- Para los usuarios de la Uni\u00f3n Europea y el Espacio Econ\u00f3mico Europeo: esta pol\u00edtica se interpretar\u00e1 de conformidad con el GDPR y las leyes nacionales y de la UE aplicables en materia de protecci\u00f3n de datos.<\/p>\n\n\n\n<p>- Para los usuarios de Estados Unidos: esta Pol\u00edtica se rige por las leyes de California, sin tener en cuenta su conflicto de disposiciones legales.<\/p>\n\n\n\n<p><\/p>","protected":false},"excerpt":{"rendered":"<p>\u00daltima actualizaci\u00f3n: 8 de abril de 2026 1. Informaci\u00f3n general Esta pol\u00edtica de privacidad se aplica a la aplicaci\u00f3n m\u00f3vil \u201eGNEWS Reader\u201c (en lo sucesivo...<\/p>","protected":false},"author":1,"featured_media":44217,"parent":0,"menu_order":0,"comment_status":"closed","ping_status":"open","template":"","meta":{"_acf_changed":false,"_lmt_disableupdate":"","_lmt_disable":"","footnotes":""},"class_list":["post-3","page","type-page","status-publish","has-post-thumbnail","hentry"],"acf":[],"aioseo_notices":[],"_links":{"self":[{"href":"https:\/\/gnews.cz\/es\/wp-json\/wp\/v2\/pages\/3","targetHints":{"allow":["GET"]}}],"collection":[{"href":"https:\/\/gnews.cz\/es\/wp-json\/wp\/v2\/pages"}],"about":[{"href":"https:\/\/gnews.cz\/es\/wp-json\/wp\/v2\/types\/page"}],"author":[{"embeddable":true,"href":"https:\/\/gnews.cz\/es\/wp-json\/wp\/v2\/users\/1"}],"replies":[{"embeddable":true,"href":"https:\/\/gnews.cz\/es\/wp-json\/wp\/v2\/comments?post=3"}],"version-history":[{"count":4,"href":"https:\/\/gnews.cz\/es\/wp-json\/wp\/v2\/pages\/3\/revisions"}],"predecessor-version":[{"id":45458,"href":"https:\/\/gnews.cz\/es\/wp-json\/wp\/v2\/pages\/3\/revisions\/45458"}],"wp:featuredmedia":[{"embeddable":true,"href":"https:\/\/gnews.cz\/es\/wp-json\/wp\/v2\/media\/44217"}],"wp:attachment":[{"href":"https:\/\/gnews.cz\/es\/wp-json\/wp\/v2\/media?parent=3"}],"curies":[{"name":"wp","href":"https:\/\/api.w.org\/{rel}","templated":true}]}}