{"id":3,"date":"2023-09-13T21:48:50","date_gmt":"2023-09-13T21:48:50","guid":{"rendered":"https:\/\/www.gnews.cz\/?page_id=3"},"modified":"2026-05-07T16:45:49","modified_gmt":"2026-05-07T14:45:49","slug":"politique-de-confidentialite","status":"publish","type":"page","link":"https:\/\/gnews.cz\/fr\/privacy-policy\/","title":{"rendered":"Politique de confidentialit\u00e9 pour GNEWS Reader"},"content":{"rendered":"<h2 class=\"wp-block-heading\"><strong>Derni\u00e8re mise \u00e0 jour : 8. 4. 2026<\/strong><\/h2>\n\n\n<div class=\"wp-block-image\">\n<figure class=\"aligncenter size-full\"><img fetchpriority=\"high\" decoding=\"async\" width=\"1500\" height=\"842\" src=\"https:\/\/gnews.cz\/wp-content\/uploads\/2026\/05\/\u56fe\u7247\u5904\u7406-39.webp\" alt=\"\" class=\"wp-image-45264\" srcset=\"https:\/\/gnews.cz\/wp-content\/uploads\/2026\/05\/\u56fe\u7247\u5904\u7406-39.webp 1500w, https:\/\/gnews.cz\/wp-content\/uploads\/2026\/05\/\u56fe\u7247\u5904\u7406-39-300x168.webp 300w, https:\/\/gnews.cz\/wp-content\/uploads\/2026\/05\/\u56fe\u7247\u5904\u7406-39-1024x575.webp 1024w, https:\/\/gnews.cz\/wp-content\/uploads\/2026\/05\/\u56fe\u7247\u5904\u7406-39-768x431.webp 768w, https:\/\/gnews.cz\/wp-content\/uploads\/2026\/05\/\u56fe\u7247\u5904\u7406-39-18x10.webp 18w, https:\/\/gnews.cz\/wp-content\/uploads\/2026\/05\/\u56fe\u7247\u5904\u7406-39-1170x657.webp 1170w, https:\/\/gnews.cz\/wp-content\/uploads\/2026\/05\/\u56fe\u7247\u5904\u7406-39-585x328.webp 585w\" sizes=\"(max-width: 1500px) 100vw, 1500px\" \/><\/figure>\n<\/div>\n\n\n<p>1. Informations g\u00e9n\u00e9rales<\/p>\n\n\n\n<p>Cette politique de confidentialit\u00e9 s'applique \u00e0 l'application mobile \u201e GNEWS Reader \u201c (ci-apr\u00e8s d\u00e9nomm\u00e9e \u201e l'Application \u201c), qui est exploit\u00e9e et fournie par \u010cesk\u00e1 medi\u00e1ln\u00ed kancel\u00e1\u0159 z. s. (ci-apr\u00e8s d\u00e9nomm\u00e9e \u201e nous \u201c, \u201e notre \u201c, \u201e nos \u201c). L'application est une application de lecture de nouvelles gratuite, non commerciale et sans publicit\u00e9 qui affiche le contenu des nouvelles publi\u00e9es sur notre site web https:\/\/gnews.cz\/ et fournit une fonction de recherche Internet s\u00e9curis\u00e9e op\u00e9r\u00e9e exclusivement sur nos propres serveurs.<\/p>\n\n\n\n<p>Cette politique est publi\u00e9e conform\u00e9ment \u00e0 la Politique des d\u00e9veloppeurs de Google Play, au R\u00e8glement g\u00e9n\u00e9ral sur la protection des donn\u00e9es (RGPD) (UE) 2016\/679, aux lois sur la protection de la vie priv\u00e9e de l'Union europ\u00e9enne et de l'Espace \u00e9conomique europ\u00e9en applicables, ainsi qu'aux lois sur la protection de la vie priv\u00e9e f\u00e9d\u00e9rales et d'\u00c9tat applicables aux \u00c9tats-Unis, y compris, mais sans s'y limiter, la loi californienne sur la protection de la vie priv\u00e9e en ligne (CalOPPA), la loi californienne sur la protection de la vie priv\u00e9e des consommateurs telle qu'amend\u00e9e par la loi californienne sur les droits \u00e0 la vie priv\u00e9e des consommateurs (CCPA\/CPRA), et la loi sur la protection de la vie priv\u00e9e des enfants en ligne (COPPA).<\/p>\n\n\n\n<p>En t\u00e9l\u00e9chargeant, installant, ouvrant ou utilisant l'application, vous reconnaissez avoir lu, compris et accept\u00e9 les termes de la pr\u00e9sente politique de confidentialit\u00e9.<\/p>\n\n\n\n<p>2. Les coordonn\u00e9es du responsable du traitement des donn\u00e9es<\/p>\n\n\n\n<p>Aux fins du GDPR et de la l\u00e9gislation applicable en mati\u00e8re de protection des donn\u00e9es, le responsable du traitement des donn\u00e9es est :<\/p>\n\n\n\n<p>\u010cesk\u00e1 medi\u00e1ln\u00ed kancel\u00e1\u0159 z. s. (Czech Media Agency)<\/p>\n\n\n\n<p>Bermanova 1009\/12, Prague 9, 196 00, R\u00e9publique tch\u00e8que<\/p>\n\n\n\n<p>generalnews@gnews.cz<\/p>\n\n\n\n<p>3. La collecte et le traitement des donn\u00e9es<\/p>\n\n\n\n<p>Nous d\u00e9clarons express\u00e9ment que la demande <strong>ne collecte pas, ne traite pas, ne stocke pas, n'enregistre pas et ne transmet pas de donn\u00e9es ou d'informations \u00e0 caract\u00e8re personnel<\/strong> de ses utilisateurs.<\/p>\n\n\n\n<p>Les cat\u00e9gories de donn\u00e9es que nous ne conservons PAS comprennent, sans s'y limiter, les suivantes :<\/p>\n\n\n\n<ul class=\"wp-block-list\">\n<li>Donn\u00e9es d'identification personnelle (nom, adresse \u00e9lectronique, num\u00e9ro de t\u00e9l\u00e9phone, adresse postale, coordonn\u00e9es)<\/li>\n\n\n\n<li>Identifiants de l'appareil (IMEI, Android ID, AAID, adresse MAC, num\u00e9ro de s\u00e9rie)<\/li>\n\n\n\n<li>Donn\u00e9es de localisation (g\u00e9olocalisation exacte ou approximative)<\/li>\n\n\n\n<li>Donn\u00e9es d'utilisation, historique de navigation, historique de recherche, journaux de session ou donn\u00e9es d'interaction<\/li>\n\n\n\n<li>Informations relatives \u00e0 la cam\u00e9ra, au microphone, au stockage ou au capteur<\/li>\n\n\n\n<li>Donn\u00e9es financi\u00e8res, informations de paiement ou donn\u00e9es de connexion \u00e0 un compte<\/li>\n\n\n\n<li>toute autre information susceptible d'identifier directement ou indirectement l'utilisateur<\/li>\n<\/ul>\n\n\n\n<p>Tout le contenu des messages est r\u00e9cup\u00e9r\u00e9 via des connexions HTTPS crypt\u00e9es. Les requ\u00eates de recherche trait\u00e9es sur nos serveurs internes ne sont pas enregistr\u00e9es, ne sont pas associ\u00e9es \u00e0 un utilisateur ou \u00e0 un appareil et ne sont pas stock\u00e9es sous quelque forme que ce soit. Aucune activit\u00e9 de l'utilisateur n'est suivie, enregistr\u00e9e ou stock\u00e9e.<\/p>\n\n\n\n<p>4. Autorisations de l'application<\/p>\n\n\n\n<p>L'application ne demande ni n'utilise d'autorisations sensibles telles que l'acc\u00e8s \u00e0 la localisation, \u00e0 l'appareil photo, au microphone, aux contacts, au stockage ou \u00e0 d'autres fonctions du syst\u00e8me, sauf si cela est n\u00e9cessaire pour afficher du contenu web et ex\u00e9cuter des fonctions de recherche s\u00e9curis\u00e9es. Aucune autorisation superflue n'est demand\u00e9e ou utilis\u00e9e.<\/p>\n\n\n\n<p>5. Services de tiers<\/p>\n\n\n\n<p>La demande ne contient pas <strong>pas de kits de d\u00e9veloppement logiciel (SDK) de tiers<\/strong>, Il n'y a pas de r\u00e9seaux publicitaires, pas d'outils d'analyse, pas d'int\u00e9gration des m\u00e9dias sociaux, pas de scripts de suivi et pas de services externes.<\/p>\n\n\n\n<p>Aucune donn\u00e9e n'est partag\u00e9e, vendue, lou\u00e9e, \u00e9chang\u00e9e ou divulgu\u00e9e \u00e0 des tiers, y compris des annonceurs, des courtiers en donn\u00e9es, des fournisseurs d'analyses ou des autorit\u00e9s gouvernementales, \u00e0 moins que cela ne soit exig\u00e9 par une d\u00e9cision de justice contraignante et l\u00e9gale ou par la loi applicable. Dans de tels cas, nous limiterons les divulgations au minimum n\u00e9cessaire et, lorsque la loi le permet, nous nous opposerons \u00e0 des demandes trop larges.<\/p>\n\n\n\n<p>6. S\u00e9curit\u00e9 des donn\u00e9es<\/p>\n\n\n\n<p>Nous mettons en \u0153uvre des mesures de s\u00e9curit\u00e9 techniques et organisationnelles appropri\u00e9es pour garantir l'int\u00e9grit\u00e9 et la s\u00e9curit\u00e9 de nos serveurs et du traitement limit\u00e9 des donn\u00e9es qui y est effectu\u00e9. Comme nous ne collectons ni ne stockons aucune donn\u00e9e personnelle, il n'y a aucun risque d'acc\u00e8s non autoris\u00e9, de divulgation, d'alt\u00e9ration ou de destruction des donn\u00e9es des utilisateurs.<\/p>\n\n\n\n<p>En cas d'incident de s\u00e9curit\u00e9 affectant nos syst\u00e8mes, nous nous conformerons \u00e0 toutes les obligations de notification applicables en vertu du GDPR, du CCPA\/CPRA et d'autres l\u00e9gislations pertinentes.<\/p>\n\n\n\n<p>7. Droits de l'utilisateur en vertu du GDPR (utilisateurs de l'EEE et du Royaume-Uni)<\/p>\n\n\n\n<p>Si vous \u00eates situ\u00e9 dans l'Espace \u00e9conomique europ\u00e9en (EEE) ou au Royaume-Uni, vous disposez des droits suivants en vertu du GDPR :<\/p>\n\n\n\n<ul class=\"wp-block-list\">\n<li>Droit d'acc\u00e8s aux donn\u00e9es personnelles<\/li>\n\n\n\n<li>Droit de rectification des donn\u00e9es incorrectes<\/li>\n\n\n\n<li>Droit \u00e0 l'effacement (droit \u00e0 l'oubli)<\/li>\n\n\n\n<li>Droit \u00e0 la limitation du traitement<\/li>\n\n\n\n<li>Droit \u00e0 la portabilit\u00e9 des donn\u00e9es<\/li>\n\n\n\n<li>Droit d'opposition au traitement<\/li>\n\n\n\n<li>Droit de retirer son consentement<\/li>\n<\/ul>\n\n\n\n<p>Toutefois, \u00e9tant donn\u00e9 que les <strong>nous ne traitons ni ne conservons aucune de vos donn\u00e9es personnelles<\/strong>, Ces droits ne s'appliquent pas \u00e0 vous. Nous ne conservons aucun dossier pouvant \u00eatre reli\u00e9 \u00e0 une personne sp\u00e9cifique ou identifiable. Toutefois, vous pouvez nous envoyer une demande \u00e0 notre adresse \u00e9lectronique de contact et nous vous confirmerons par \u00e9crit que nous ne conservons aucune information personnelle.<\/p>\n\n\n\n<p>8. Droits des utilisateurs en vertu des lois am\u00e9ricaines sur la protection de la vie priv\u00e9e<\/p>\n\n\n\n<p>Pour les utilisateurs des \u00c9tats-Unis, y compris les r\u00e9sidents californiens, les dispositions suivantes s'appliquent en vertu des lois nationales sur la protection de la vie priv\u00e9e :<\/p>\n\n\n\n<p>- Nous ne collectons pas de donn\u00e9es personnelles.<\/p>\n\n\n\n<p>- Nous ne vendons pas d'informations personnelles.<\/p>\n\n\n\n<p>- Nous ne partageons pas les donn\u00e9es personnelles avec des tiers.<\/p>\n\n\n\n<p>- Nous n'utilisons pas les donn\u00e9es personnelles pour la publicit\u00e9 comportementale contextuelle.<\/p>\n\n\n\n<p>Les r\u00e9sidents de Californie peuvent soumettre une demande v\u00e9rifiable d'acc\u00e8s ou de suppression d'informations personnelles. \u00c9tant donn\u00e9 que nous ne collectons pas ce type d'informations, nous confirmerons dans notre r\u00e9ponse que ces informations n'existent pas. Nous ne pratiquons aucune discrimination \u00e0 l'encontre des utilisateurs qui exercent leurs droits en mati\u00e8re de protection de la vie priv\u00e9e.<\/p>\n\n\n\n<p>L'application prend en charge les signaux \u201eDo Not Track\u201c (DNT) au niveau du navigateur et du syst\u00e8me. \u00c9tant donn\u00e9 qu'il n'y a pas de suivi, les param\u00e8tres DNT n'ont plus d'impact sur la vie priv\u00e9e de l'utilisateur.<\/p>\n\n\n\n<p>9. Respect du COPPA<\/p>\n\n\n\n<p>Cette application n'est pas destin\u00e9e aux enfants de moins de 13 ans. Nous ne collectons pas sciemment de donn\u00e9es sur les enfants. Si vous pensez qu'un enfant nous a fourni des informations, veuillez nous contacter imm\u00e9diatement et nous v\u00e9rifierons que ces informations n'existent pas.<\/p>\n\n\n\n<p>10. Modifications de la pr\u00e9sente politique de protection de la vie priv\u00e9e<\/p>\n\n\n\n<p>Nous nous r\u00e9servons le droit de mettre \u00e0 jour ou de modifier la pr\u00e9sente politique de confidentialit\u00e9 \u00e0 tout moment. Toute modification entrera en vigueur d\u00e8s la publication d'une version r\u00e9vis\u00e9e avec une date de \u201ederni\u00e8re mise \u00e0 jour\u201c mise \u00e0 jour. En continuant \u00e0 utiliser l'application apr\u00e8s de telles modifications, vous signifiez votre acceptation de la politique mise \u00e0 jour.<\/p>\n\n\n\n<p>11. Coordonn\u00e9es de la personne \u00e0 contacter<\/p>\n\n\n\n<p>Si vous avez des questions, des plaintes ou des demandes concernant la pr\u00e9sente politique de confidentialit\u00e9 ou notre traitement des informations personnelles, vous pouvez nous contacter \u00e0 l'adresse suivante<\/p>\n\n\n\n<p>generalnews@gnews.cz<\/p>\n\n\n\n<p>Bermanova 1009\/12, Prague 9, 196 00, R\u00e9publique tch\u00e8que<\/p>\n\n\n\n<p>12. Droit applicable<\/p>\n\n\n\n<p>- Pour les utilisateurs de l'Union europ\u00e9enne et de l'Espace \u00e9conomique europ\u00e9en : la pr\u00e9sente politique sera interpr\u00e9t\u00e9e conform\u00e9ment au GDPR et aux lois nationales et europ\u00e9ennes applicables en mati\u00e8re de protection des donn\u00e9es.<\/p>\n\n\n\n<p>- Pour les utilisateurs des \u00c9tats-Unis : la pr\u00e9sente politique est r\u00e9gie par les lois de la Californie, sans tenir compte des dispositions relatives aux conflits de lois.<\/p>\n\n\n\n<p><\/p>","protected":false},"excerpt":{"rendered":"<p>Derni\u00e8re mise \u00e0 jour : 8 avril 2026 1. Informations g\u00e9n\u00e9rales Cette politique de confidentialit\u00e9 s'applique \u00e0 l'application mobile \u201eGNEWS Reader\u201c (ci-apr\u00e8s...<\/p>","protected":false},"author":1,"featured_media":44217,"parent":0,"menu_order":0,"comment_status":"closed","ping_status":"open","template":"","meta":{"_acf_changed":false,"_lmt_disableupdate":"","_lmt_disable":"","footnotes":""},"class_list":["post-3","page","type-page","status-publish","has-post-thumbnail","hentry"],"acf":[],"aioseo_notices":[],"_links":{"self":[{"href":"https:\/\/gnews.cz\/fr\/wp-json\/wp\/v2\/pages\/3","targetHints":{"allow":["GET"]}}],"collection":[{"href":"https:\/\/gnews.cz\/fr\/wp-json\/wp\/v2\/pages"}],"about":[{"href":"https:\/\/gnews.cz\/fr\/wp-json\/wp\/v2\/types\/page"}],"author":[{"embeddable":true,"href":"https:\/\/gnews.cz\/fr\/wp-json\/wp\/v2\/users\/1"}],"replies":[{"embeddable":true,"href":"https:\/\/gnews.cz\/fr\/wp-json\/wp\/v2\/comments?post=3"}],"version-history":[{"count":4,"href":"https:\/\/gnews.cz\/fr\/wp-json\/wp\/v2\/pages\/3\/revisions"}],"predecessor-version":[{"id":45458,"href":"https:\/\/gnews.cz\/fr\/wp-json\/wp\/v2\/pages\/3\/revisions\/45458"}],"wp:featuredmedia":[{"embeddable":true,"href":"https:\/\/gnews.cz\/fr\/wp-json\/wp\/v2\/media\/44217"}],"wp:attachment":[{"href":"https:\/\/gnews.cz\/fr\/wp-json\/wp\/v2\/media?parent=3"}],"curies":[{"name":"wp","href":"https:\/\/api.w.org\/{rel}","templated":true}]}}