{"id":14,"date":"2021-11-02T08:17:21","date_gmt":"2021-11-02T08:17:21","guid":{"rendered":"https:\/\/soledaddemo.pencidesign.net\/soledad-modern-news-magazine\/?page_id=14"},"modified":"2026-04-22T06:52:14","modified_gmt":"2026-04-22T04:52:14","slug":"chi-siamo","status":"publish","type":"page","link":"https:\/\/gnews.cz\/it\/o-nas\/","title":{"rendered":"NOTIZIE GENERALI - GNEWS.CZ"},"content":{"rendered":"<div data-elementor-type=\"wp-page\" data-elementor-id=\"14\" class=\"elementor elementor-14\" data-elementor-post-type=\"page\">\n\t\t\t\t\t\t<div class=\"elementor-element elementor-element-b348e2b e-con e-atomic-element e-flexbox-base\" data-id=\"b348e2b\" data-element_type=\"e-flexbox\" data-e-type=\"e-flexbox\" data-interaction-id=\"b348e2b\">\n\t\t\t\t\t\t\t<h1 \n\t\tdata-interaction-id=\"086a514\" \n\t\tclass=\"e-086a514-7c37cf0 e-heading-base\" \n\t\t \n\t\tdata-e-type=\"widget\" data-id=\"086a514\"\n\t>\n\t\n\t\t\t<strong>Redazione e contatti <\/strong>\n\t\t<\/h1>\n\t\t\t\t<\/div>\n\t\t\t\t<div class=\"elementor-element elementor-element-ab750b2 e-con e-atomic-element e-flexbox-base\" data-id=\"ab750b2\" data-element_type=\"e-flexbox\" data-e-type=\"e-flexbox\" data-interaction-id=\"ab750b2\">\n\t\t\t\t\t\t\t\n\t\t<img class=\"e-image-base e-62d6812-1494091\" \n\t\t\t\t\tdata-interaction-id=\"62d6812\" \n\t\t \n\t\t data-e-type=\"widget\" data-id=\"62d6812\"\n\t\t\t\t\t\t\t\t\tid=\"44372\"\n\t\t\t\t\t\t\t\t\t\t\t\tsrc=\"https:\/\/gnews.cz\/wp-content\/uploads\/2026\/04\/\u56fe\u7247\u5904\u7406-29.webp\"\n\t\t\t\t\t\t\t\t\t\t\t\twidth=\"1500\"\n\t\t\t\t\t\t\t\t\t\t\t\theight=\"116\"\n\t\t\t\t\t\t\t\t\t\t\t\tsrcset=\"https:\/\/gnews.cz\/wp-content\/uploads\/2026\/04\/\u56fe\u7247\u5904\u7406-29.webp 1500w, https:\/\/gnews.cz\/wp-content\/uploads\/2026\/04\/\u56fe\u7247\u5904\u7406-29-300x23.webp 300w, https:\/\/gnews.cz\/wp-content\/uploads\/2026\/04\/\u56fe\u7247\u5904\u7406-29-1024x79.webp 1024w, https:\/\/gnews.cz\/wp-content\/uploads\/2026\/04\/\u56fe\u7247\u5904\u7406-29-768x59.webp 768w, https:\/\/gnews.cz\/wp-content\/uploads\/2026\/04\/\u56fe\u7247\u5904\u7406-29-18x1.webp 18w, https:\/\/gnews.cz\/wp-content\/uploads\/2026\/04\/\u56fe\u7247\u5904\u7406-29-1170x90.webp 1170w, https:\/\/gnews.cz\/wp-content\/uploads\/2026\/04\/\u56fe\u7247\u5904\u7406-29-585x45.webp 585w\"\n\t\t\t\t\t\t\t\t\t\t\t\talt=\"\"\n\t\t\t\t\t\t\/>\n\t\t\t\t\t<\/div>\n\t\t<div class=\"elementor-element elementor-element-7257c530 e-flex e-con-boxed e-con e-parent\" data-id=\"7257c530\" data-element_type=\"container\" data-e-type=\"container\">\n\t\t\t\t\t<div class=\"e-con-inner\">\n\t\t\t\t<div class=\"elementor-element elementor-element-2bc8afae elementor-widget elementor-widget-text-editor\" data-id=\"2bc8afae\" data-element_type=\"widget\" data-e-type=\"widget\" data-widget_type=\"text-editor.default\">\n\t\t\t\t<div class=\"elementor-widget-container\">\n\t\t\t\t\t\t\t\t\t<p>21 aprile 2026<\/p>\n<p><!-- \/wp:paragraph --><!-- wp:image {\"id\":41875,\"sizeSlug\":\"full\",\"linkDestination\":\"none\",\"align\":\"center\"} --><\/p>\n<figure class=\"wp-block-image aligncenter size-full\"><img fetchpriority=\"high\" decoding=\"async\" class=\"alignnone wp-image-44369 size-large\" src=\"https:\/\/gnews.cz\/wp-content\/uploads\/2026\/04\/\u56fe\u7247\u5904\u7406-45-1024x575.webp\" alt=\"\" width=\"1024\" height=\"575\" srcset=\"https:\/\/gnews.cz\/wp-content\/uploads\/2026\/04\/\u56fe\u7247\u5904\u7406-45-1024x575.webp 1024w, https:\/\/gnews.cz\/wp-content\/uploads\/2026\/04\/\u56fe\u7247\u5904\u7406-45-300x168.webp 300w, https:\/\/gnews.cz\/wp-content\/uploads\/2026\/04\/\u56fe\u7247\u5904\u7406-45-768x431.webp 768w, https:\/\/gnews.cz\/wp-content\/uploads\/2026\/04\/\u56fe\u7247\u5904\u7406-45-18x10.webp 18w, https:\/\/gnews.cz\/wp-content\/uploads\/2026\/04\/\u56fe\u7247\u5904\u7406-45-1170x657.webp 1170w, https:\/\/gnews.cz\/wp-content\/uploads\/2026\/04\/\u56fe\u7247\u5904\u7406-45-585x328.webp 585w, https:\/\/gnews.cz\/wp-content\/uploads\/2026\/04\/\u56fe\u7247\u5904\u7406-45.webp 1500w\" sizes=\"(max-width: 1024px) 100vw, 1024px\" \/><\/figure>\n<p><!-- \/wp:image --><!-- wp:heading --><\/p>\n<p>\u00a0<\/p>\n<p><!-- \/wp:heading --><!-- wp:paragraph --><\/p>\n<p class=\"translation-block\"><strong>General News - GNEWS.CZ<\/strong> \u00e8 il primo e unico sito web di notizie quotidiane della Repubblica Ceca con contenuti 100% in <strong>8 lingue<\/strong> (ceco, inglese, italiano, tedesco, francese, spagnolo, russo, cinese).<\/p>\n<p><!-- \/wp:paragraph --><!-- wp:paragraph --><\/p>\n<p>La nostra redazione di General News si propone di portare notizie vere e obiettive che non si trovano spesso nei media cechi.<\/p>\n<p><!-- \/wp:paragraph --><\/p>\n<div style=\"background-color: #154375; color: white; padding: 18px 5px 5px 5px; margin-bottom: 15px; margin-top: 15px;\">\n<p><!-- wp:list --><\/p>\n<p>\u00a0<\/p>\n<ul class=\"wp-block-list\">\n<li style=\"list-style-type: none;\">\n<ul class=\"wp-block-list\"><!-- wp:list-item --><\/ul>\n<\/li>\n<\/ul>\n<ul class=\"wp-block-list\">\n<li style=\"list-style-type: none;\">\n<ul class=\"wp-block-list\">\n<li>\n<h4><span style=\"color: #ffffff;\">Il mezzo pi\u00f9 moderno della Repubblica Ceca con un design senza tempo<\/span><\/h4>\n<\/li>\n<\/ul>\n<\/li>\n<\/ul>\n<ul class=\"wp-block-list\">\n<li style=\"list-style-type: none;\">\n<ul class=\"wp-block-list\"><!-- \/wp:list-item --><!-- wp:list-item --><\/ul>\n<\/li>\n<\/ul>\n<ul class=\"wp-block-list\">\n<li style=\"list-style-type: none;\">\n<ul class=\"wp-block-list\">\n<li>\n<h4><span style=\"color: #ffffff;\">Collaboriamo con 9 agenzie di stampa globali e associazioni giornalistiche<\/span><\/h4>\n<\/li>\n<\/ul>\n<\/li>\n<\/ul>\n<ul class=\"wp-block-list\">\n<li style=\"list-style-type: none;\">\n<ul class=\"wp-block-list\"><!-- \/wp:list-item --><!-- wp:list-item --><\/ul>\n<\/li>\n<\/ul>\n<ul class=\"wp-block-list\">\n<li style=\"list-style-type: none;\">\n<ul class=\"wp-block-list\">\n<li>\n<h4><span style=\"color: #ffffff;\">Oltre 20 anni di esperienza<\/span><\/h4>\n<\/li>\n<\/ul>\n<\/li>\n<\/ul>\n<ul class=\"wp-block-list\">\n<li style=\"list-style-type: none;\">\n<ul class=\"wp-block-list\"><!-- \/wp:list-item --><!-- wp:list-item --><\/ul>\n<\/li>\n<\/ul>\n<ul class=\"wp-block-list\">\n<li style=\"list-style-type: none;\">\n<ul class=\"wp-block-list\">\n<li>\n<h4><span style=\"color: #ffffff;\">8 varianti linguistiche e portata globale<\/span><\/h4>\n<\/li>\n<\/ul>\n<\/li>\n<\/ul>\n<ul class=\"wp-block-list\">\n<li style=\"list-style-type: none;\">\n<ul class=\"wp-block-list\"><!-- \/wp:list-item --><!-- wp:list-item --><\/ul>\n<\/li>\n<\/ul>\n<ul class=\"wp-block-list\">\n<li style=\"list-style-type: none;\">\n<ul class=\"wp-block-list\">\n<li>\n<h4><span style=\"color: #ffffff;\">Uno dei media pi\u00f9 progressisti e dinamici della Repubblica Ceca<\/span><\/h4>\n<\/li>\n<\/ul>\n<\/li>\n<\/ul>\n<ul class=\"wp-block-list\"><!-- \/wp:list-item --><\/ul>\n<h4>\u00a0<\/h4>\n<\/div>\n<p>La fondazione del sito web di notizie quotidiane GENERAL NEWS - gnews.cz \u00e8 nata dall'esigenza di informare la societ\u00e0 nel modo pi\u00f9 obiettivo possibile e di portare frequentemente notizie strategiche e informazioni essenziali da tutto il mondo.<\/p>\n<p><!-- \/wp:paragraph --><!-- wp:paragraph --><\/p>\n<p>Su gnews.cz offriamo una copertura completa e, se del caso, un'analisi dei principali eventi mondiali, con particolare attenzione a temi quali la diplomazia internazionale, gli sviluppi economici e gli eventi politici. I contenuti includono articoli sulle relazioni internazionali, sui principali eventi politici e sulle tendenze economiche, spesso con un'attenzione particolare alle dinamiche geopolitiche e alle loro implicazioni per la Repubblica Ceca e non solo. Gnews.cz colma molto bene ci\u00f2 che manca sul mercato.<\/p>\n<p><!-- \/wp:paragraph --><\/p>\n<h1 style=\"background-color: #154375; color: white; padding: 18px 5px 5px 5px; margin-bottom: 15px; margin-top: 15px; text-align: center;\"><strong>\u00a0 \u00a0 \u00a0 \u00a0 \u00a0 \u00a0 \u00a0 \u00a0 \u00a0 \u00a0 \u00a0 \u00a0 \u00a0 \u00a0 \u00a0 \u00a0 \u00a0 \u00a0 \u00a0 \u00a0 \u00a0 \u00a0 \u00a0 \u00a0 \u00a0 <\/strong><strong>VERIT\u00c0<\/strong>\u00a0\u00a0 -\u00a0\u00a0 <strong>BELLEZZA\u00a0 <\/strong>\u00a0-\u00a0\u00a0 <strong>BUONO\u00a0 \u00a0<\/strong><strong>\u00a0 \u00a0 \u00a0 \u00a0 \u00a0 \u00a0 \u00a0 \u00a0 \u00a0 \u00a0 \u00a0 \u00a0 \u00a0 \u00a0 \u00a0 \u00a0 \u00a0 \u00a0 \u00a0 \u00a0 \u00a0 \u00a0 \u00a0 \u00a0 \u00a0 \u00a0 \u00a0 \u00a0 \u00a0\u00a0<\/strong><\/h1>\n<p><!-- wp:paragraph --><\/p>\n<p>Il nostro obiettivo \u00e8 portare pi\u00f9 pluralit\u00e0 e pi\u00f9 punti di vista nell'ambiente dei media cechi e portare nella Repubblica Ceca informazioni che non sono disponibili qui per varie ragioni, culturali o politiche.<\/p>\n<p><!-- \/wp:paragraph --><!-- wp:paragraph --><\/p>\n<p>Vogliamo che il lettore si formi una propria opinione critica e che acquisisca un orizzonte di informazioni molto migliore e pi\u00f9 ampio, dal quale possa, in linea di principio, formarsi una propria previsione su ci\u00f2 che sta accadendo nella societ\u00e0. Portiamo le notizie dei leader politici, culturali e scientifici del mondo con un occhio di riguardo al futuro.<\/p>\n<p>\u00a0<\/p>\n<p><!-- \/wp:paragraph --><!-- wp:heading --><\/p>\n<h2 class=\"wp-block-heading\">Una parola del caporedattore<\/h2>\n<p><!-- \/wp:heading --><!-- wp:paragraph --><\/p>\n<p>\"Per ognuno di noi, l'informazione \u00e8 la cosa pi\u00f9 importante perch\u00e9 guida la nostra vita. E guida anche tutto ci\u00f2 che accade intorno a noi. Ecco perch\u00e9 siamo qui per voi. L'andamento delle nostre recenti statistiche di audience dimostra che abbiamo molto da offrirvi, e questa \u00e8 la nostra gioia e la nostra motivazione Grazie per averci guardato e letto\".<\/p>\n<p>\u00a0<\/p>\n<p><!-- \/wp:paragraph --><!-- wp:heading --><\/p>\n<h2 class=\"wp-block-heading\"><strong>Fondatore e proprietario<\/strong><\/h2>\n<p><!-- \/wp:heading --><!-- wp:paragraph --><\/p>\n<p>\"Il nostro obiettivo \u00e8 portare pi\u00f9 pluralit\u00e0 e pi\u00f9 punti di vista nell'ambiente mediatico ceco, seguendo l'esempio degli Stati Uniti. La censura che consente solo un'opinione ufficiale e un approccio dogmatico ad essa, in cui \u00e8 un crimine porre domande basilari e logiche, \u00e8 molto pericolosa nel lungo periodo - come dimostrato empiricamente molte volte dai regimi totalitari e dalle istituzioni religiose. \u00c8 una pratica comprovata dei regimi totalitari quella di sopprimere qualsiasi opposizione e altri punti di vista \"pericolosi\" per il regime. Purtroppo, questo sta accadendo in una certa misura in Europa.<\/p>\n<p><!-- \/wp:paragraph --><!-- wp:paragraph --><\/p>\n<p>Avendo studiato a Taiwan e avendo sperimentato lo stile di insegnamento americano, sono dell'idea che tutti dovrebbero essere esposti a informazioni diverse, a ideologie multiple, per avere una migliore visione di altre culture e paradigmi in altre parti del mondo. Non solo operare in una bolla virtuale creata da alcuni propagandisti occidentali. Perch\u00e9 senza l'esposizione ad altri punti di vista e visioni del mondo, chiunque pu\u00f2 essere facilmente manipolato. E il risultato della manipolazione dei mass media \u00e8 spesso la guerra. C'\u00e8 un fondo di verit\u00e0 in ogni ideologia e la comprensione reciproca pu\u00f2 rendere possibile la pace.<\/p>\n<p><!-- \/wp:paragraph --><!-- wp:paragraph --><\/p>\n<p>Controllate voi stessi le notizie e le loro fonti. \u00c8 un investimento che vale la pena fare perch\u00e9 la ricompensa \u00e8 la VERIT\u00c0. Inoltre, ricordate la BELLEZZA del mondo e ricordate che il BENE prevarr\u00e0 sempre.<\/p>\n<p><!-- \/wp:paragraph --><!-- wp:paragraph --><\/p>\n<p>Grazie per il vostro sostegno\".<\/p>\n<p>\u00a0<\/p>\n<h3 class=\"wp-block-heading\"><strong>Spettro dei nostri lettori:<\/strong><\/h3>\n<p><!-- \/wp:paragraph --><!-- wp:image {\"id\":41933,\"sizeSlug\":\"full\",\"linkDestination\":\"none\",\"align\":\"right\"} --><\/p>\n<figure class=\"wp-block-image alignright size-full\"><img decoding=\"async\" class=\"aligncenter wp-image-44376 size-full\" src=\"https:\/\/gnews.cz\/wp-content\/uploads\/2026\/04\/\u56fe\u7247\u5904\u7406-26.webp\" alt=\"\" width=\"1500\" height=\"708\" srcset=\"https:\/\/gnews.cz\/wp-content\/uploads\/2026\/04\/\u56fe\u7247\u5904\u7406-26.webp 1500w, https:\/\/gnews.cz\/wp-content\/uploads\/2026\/04\/\u56fe\u7247\u5904\u7406-26-300x142.webp 300w, https:\/\/gnews.cz\/wp-content\/uploads\/2026\/04\/\u56fe\u7247\u5904\u7406-26-1024x483.webp 1024w, https:\/\/gnews.cz\/wp-content\/uploads\/2026\/04\/\u56fe\u7247\u5904\u7406-26-768x362.webp 768w, https:\/\/gnews.cz\/wp-content\/uploads\/2026\/04\/\u56fe\u7247\u5904\u7406-26-18x8.webp 18w, https:\/\/gnews.cz\/wp-content\/uploads\/2026\/04\/\u56fe\u7247\u5904\u7406-26-1170x552.webp 1170w, https:\/\/gnews.cz\/wp-content\/uploads\/2026\/04\/\u56fe\u7247\u5904\u7406-26-585x276.webp 585w\" sizes=\"(max-width: 1500px) 100vw, 1500px\" \/><\/figure>\n<p><!-- \/wp:image --><!-- wp:heading {\"level\":3} --><\/p>\n<ul>\n<li style=\"list-style-type: none;\">\n<ul>\n<li class=\"wp-block-heading\">\u010c<span style=\"font-weight: 400; font-size: 17px;\">Repubblica Ceca 32 %<\/span><\/li>\n<\/ul>\n<\/li>\n<\/ul>\n<div class=\"wp-block-group\">\n<ul class=\"wp-block-list\">\n<li style=\"list-style-type: none;\">\n<ul class=\"wp-block-list\"><!-- \/wp:list-item --><!-- wp:list-item --><\/ul>\n<\/li>\n<\/ul>\n<ul class=\"wp-block-list\">\n<li style=\"list-style-type: none;\">\n<ul class=\"wp-block-list\">\n<li>USA, UK 18 %\u00a0\u00a0\u00a0\u00a0\u00a0<\/li>\n<\/ul>\n<\/li>\n<\/ul>\n<ul class=\"wp-block-list\">\n<li style=\"list-style-type: none;\">\n<ul class=\"wp-block-list\"><!-- \/wp:list-item --><!-- wp:list-item --><\/ul>\n<\/li>\n<\/ul>\n<ul class=\"wp-block-list\">\n<li style=\"list-style-type: none;\">\n<ul class=\"wp-block-list\">\n<li>Singapore, Cina 13 %<\/li>\n<\/ul>\n<\/li>\n<\/ul>\n<ul class=\"wp-block-list\">\n<li style=\"list-style-type: none;\">\n<ul class=\"wp-block-list\"><!-- \/wp:list-item --><!-- wp:list-item --><\/ul>\n<\/li>\n<\/ul>\n<ul class=\"wp-block-list\">\n<li style=\"list-style-type: none;\">\n<ul class=\"wp-block-list\">\n<li>Russia 12 %<\/li>\n<\/ul>\n<\/li>\n<\/ul>\n<ul class=\"wp-block-list\">\n<li style=\"list-style-type: none;\">\n<ul class=\"wp-block-list\"><!-- \/wp:list-item --><!-- wp:list-item --><\/ul>\n<\/li>\n<\/ul>\n<ul class=\"wp-block-list\">\n<li style=\"list-style-type: none;\">\n<ul class=\"wp-block-list\">\n<li>America meridionale e centrale 10 %<\/li>\n<\/ul>\n<\/li>\n<\/ul>\n<ul class=\"wp-block-list\">\n<li style=\"list-style-type: none;\">\n<ul class=\"wp-block-list\"><!-- \/wp:list-item --><!-- wp:list-item --><\/ul>\n<\/li>\n<\/ul>\n<ul class=\"wp-block-list\">\n<li style=\"list-style-type: none;\">\n<ul class=\"wp-block-list\">\n<li>Altri 15 %<\/li>\n<\/ul>\n<\/li>\n<\/ul>\n<div>\u00a0<\/div>\n<\/div>\n<p><!-- \/wp:paragraph --><!-- wp:heading --><\/p>\n<h2 class=\"wp-block-heading\" style=\"text-align: center;\"><strong>419,302<\/strong><\/h2>\n<p style=\"text-align: center;\"><!-- \/wp:heading --><!-- wp:paragraph --><\/p>\n<p style=\"text-align: center;\"><strong>visitatori unici del sito in 1 mese<\/strong> (ogni visitatore viene conteggiato una sola volta, indipendentemente dal numero di visite)\u00a0<\/p>\n<p>\u00a0<\/p>\n<p><!-- \/wp:paragraph --><!-- wp:heading --><\/p>\n<h2 class=\"wp-block-heading\" style=\"text-align: center;\"><strong>2,257,819<\/strong><\/h2>\n<p style=\"text-align: center;\"><!-- \/wp:heading --><!-- wp:paragraph --><\/p>\n<p style=\"text-align: center;\"><strong>visualizzazioni per 1 mese<\/strong><\/p>\n<p><strong>\u00a0<\/strong><\/p>\n<p><!-- \/wp:paragraph --><!-- wp:paragraph --><\/p>\n<p><!-- \/wp:paragraph --><!-- wp:paragraph --><\/p>\n<p>Nel 2023, la nostra redazione ha ricevuto un premio speciale dal Ministero degli Affari Esteri del Kazakistan per la sua copertura della Repubblica del Kazakistan.<\/p>\n<p>\u00a0<\/p>\n<p><!-- \/wp:paragraph --><!-- wp:heading {\"level\":3} --><\/p>\n<h3 class=\"wp-block-heading\"><strong>Opportunit\u00e0 di cooperazione<\/strong><\/h3>\n<p><!-- \/wp:heading --><!-- wp:paragraph --><\/p>\n<p><strong>Offriamo la possibilit\u00e0 di collaborare nei seguenti settori:<\/strong><\/p>\n<p><!-- \/wp:paragraph --><!-- wp:list --><\/p>\n<ul class=\"wp-block-list\">\n<li style=\"list-style-type: none;\">\n<ul class=\"wp-block-list\"><!-- wp:list-item --><\/ul>\n<\/li>\n<\/ul>\n<ul class=\"wp-block-list\">\n<li style=\"list-style-type: none;\">\n<ul class=\"wp-block-list\">\n<li>Creare e pubblicare articoli<\/li>\n<\/ul>\n<\/li>\n<\/ul>\n<ul class=\"wp-block-list\">\n<li style=\"list-style-type: none;\">\n<ul class=\"wp-block-list\"><!-- \/wp:list-item --><!-- wp:list-item --><\/ul>\n<\/li>\n<\/ul>\n<ul class=\"wp-block-list\">\n<li style=\"list-style-type: none;\">\n<ul class=\"wp-block-list\">\n<li>Banner per i vostri prodotti e servizi<\/li>\n<\/ul>\n<\/li>\n<\/ul>\n<ul class=\"wp-block-list\">\n<li style=\"list-style-type: none;\">\n<ul class=\"wp-block-list\"><!-- \/wp:list-item --><!-- wp:list-item --><\/ul>\n<\/li>\n<\/ul>\n<ul class=\"wp-block-list\">\n<li style=\"list-style-type: none;\">\n<ul class=\"wp-block-list\">\n<li>Servizi di PR e pubblicit\u00e0 completa (compresa la condivisione su altri siti web)<\/li>\n<\/ul>\n<\/li>\n<\/ul>\n<ul class=\"wp-block-list\">\n<li style=\"list-style-type: none;\">\n<ul class=\"wp-block-list\"><!-- \/wp:list-item --><!-- wp:list-item --><\/ul>\n<\/li>\n<\/ul>\n<ul class=\"wp-block-list\">\n<li style=\"list-style-type: none;\">\n<ul class=\"wp-block-list\">\n<li>Sottotitoli e doppiaggio per i video<\/li>\n<\/ul>\n<\/li>\n<\/ul>\n<ul class=\"wp-block-list\">\n<li style=\"list-style-type: none;\">\n<ul class=\"wp-block-list\"><!-- \/wp:list-item --><!-- wp:list-item --><\/ul>\n<\/li>\n<\/ul>\n<ul class=\"wp-block-list\">\n<li style=\"list-style-type: none;\">\n<ul class=\"wp-block-list\">\n<li>Rapporti video e interviste<\/li>\n<\/ul>\n<\/li>\n<\/ul>\n<ul class=\"wp-block-list\"><!-- \/wp:list-item --><\/ul>\n<p>\u00a0<\/p>\n<p><!-- \/wp:list --><!-- wp:paragraph --><\/p>\n<p><strong>Contatti:<\/strong><\/p>\n<p><!-- \/wp:paragraph --><!-- wp:list --><\/p>\n<ul class=\"wp-block-list\">\n<li style=\"list-style-type: none;\">\n<ul class=\"wp-block-list\"><!-- wp:list-item --><\/ul>\n<\/li>\n<\/ul>\n<ul class=\"wp-block-list\">\n<li style=\"list-style-type: none;\">\n<ul class=\"wp-block-list\">\n<li>redakce@gnews.cz<\/li>\n<\/ul>\n<\/li>\n<\/ul>\n<ul class=\"wp-block-list\">\n<li style=\"list-style-type: none;\">\n<ul class=\"wp-block-list\"><!-- \/wp:list-item --><!-- wp:list-item --><\/ul>\n<\/li>\n<\/ul>\n<ul class=\"wp-block-list\">\n<li style=\"list-style-type: none;\">\n<ul class=\"wp-block-list\">\n<li>inzerce@gnews.cz<\/li>\n<\/ul>\n<\/li>\n<\/ul>\n<ul class=\"wp-block-list\"><!-- \/wp:list-item --><\/ul>\n<p>\u00a0<\/p>\n<p><!-- \/wp:list --><!-- wp:table {\"hasFixedLayout\":false} --><\/p>\n<figure class=\"wp-block-table\">\n<div class=\"pcrstb-wrap\"><table>\n<tbody>\n<tr>\n<td><strong>Direttore editoriale:<\/strong><\/td>\n<td>Jan Vojt\u011bch (sefredaktor@gnews.cz)<\/td>\n<\/tr>\n<tr>\n<td><strong>Vice direttore\/politico: <\/strong><\/td>\n<td>Thomas Cic<\/td>\n<\/tr>\n<tr>\n<td><strong>Editore\/Economia:<\/strong><\/td>\n<td>Geoffrey Hunt<\/td>\n<\/tr>\n<tr>\n<td><strong>Editore\/Cultura:<\/strong><\/td>\n<td>Jana Cerna<\/td>\n<\/tr>\n<tr>\n<td><strong>Background tecnico:<\/strong><\/td>\n<td>Petr Kubel\u00edk<\/td>\n<\/tr>\n<tr>\n<td><strong>Studio grafico:<\/strong><\/td>\n<td>G-Grafico<\/td>\n<\/tr>\n<\/tbody>\n<\/table><\/div>\n<\/figure>\n<p><!-- \/wp:table --><!-- wp:paragraph {\"align\":\"center\"} --><\/p>\n<p class=\"has-text-align-center\"><strong>\u00a0<\/strong><\/p>\n<p class=\"has-text-align-center\"><strong>Operatore: <\/strong>Czech Media Agency z. s., ID: 21633100, Bermanova 1009\/12, \u010cakovice, 196 00 Praga<\/p>\n<p>Contatto: generalnews@gnews.cz<\/p>\n<p class=\"has-text-align-center\">\u00a0<\/p>\n<p class=\"has-text-align-center\">\u00a0<\/p>\n<p><!-- \/wp:paragraph --><!-- wp:paragraph --><\/p>\n<p><!-- \/wp:paragraph --><\/p>\t\t\t\t\t\t\t\t<\/div>\n\t\t\t\t<\/div>\n\t\t\t\t\t\t\t\n\t\t<img class=\"e-image-base\" \n\t\t\t\t\tdata-interaction-id=\"1f579fd\" \n\t\t \n\t\t data-e-type=\"widget\" data-id=\"1f579fd\"\n\t\t\t\t\t\t\t\t\tid=\"44301\"\n\t\t\t\t\t\t\t\t\t\t\t\tsrc=\"https:\/\/gnews.cz\/wp-content\/uploads\/2026\/04\/CMK-LOGO-HD.webp\"\n\t\t\t\t\t\t\t\t\t\t\t\twidth=\"1500\"\n\t\t\t\t\t\t\t\t\t\t\t\theight=\"842\"\n\t\t\t\t\t\t\t\t\t\t\t\tsrcset=\"https:\/\/gnews.cz\/wp-content\/uploads\/2026\/04\/CMK-LOGO-HD.webp 1500w, https:\/\/gnews.cz\/wp-content\/uploads\/2026\/04\/CMK-LOGO-HD-300x168.webp 300w, https:\/\/gnews.cz\/wp-content\/uploads\/2026\/04\/CMK-LOGO-HD-1024x575.webp 1024w, https:\/\/gnews.cz\/wp-content\/uploads\/2026\/04\/CMK-LOGO-HD-768x431.webp 768w, https:\/\/gnews.cz\/wp-content\/uploads\/2026\/04\/CMK-LOGO-HD-18x10.webp 18w, https:\/\/gnews.cz\/wp-content\/uploads\/2026\/04\/CMK-LOGO-HD-1170x657.webp 1170w, https:\/\/gnews.cz\/wp-content\/uploads\/2026\/04\/CMK-LOGO-HD-585x328.webp 585w\"\n\t\t\t\t\t\t\t\t\t\t\t\talt=\"\"\n\t\t\t\t\t\t\/>\n\t\t\t\t\t\t<\/div>\n\t\t\t\t<\/div>\n\t\t\t\t<\/div>","protected":false},"excerpt":{"rendered":"<p>Redazione e contatti 21 aprile 2026 Notizie generali - GNEWS.CZ \u00e8 il primo e unico sito di notizie quotidiane della Repubblica Ceca con...<\/p>","protected":false},"author":1,"featured_media":41869,"parent":0,"menu_order":0,"comment_status":"closed","ping_status":"closed","template":"page-penci-full-width.php","meta":{"_acf_changed":false,"_lmt_disableupdate":"","_lmt_disable":"","footnotes":""},"class_list":["post-14","page","type-page","status-publish","has-post-thumbnail","hentry"],"acf":[],"aioseo_notices":[],"_links":{"self":[{"href":"https:\/\/gnews.cz\/it\/wp-json\/wp\/v2\/pages\/14","targetHints":{"allow":["GET"]}}],"collection":[{"href":"https:\/\/gnews.cz\/it\/wp-json\/wp\/v2\/pages"}],"about":[{"href":"https:\/\/gnews.cz\/it\/wp-json\/wp\/v2\/types\/page"}],"author":[{"embeddable":true,"href":"https:\/\/gnews.cz\/it\/wp-json\/wp\/v2\/users\/1"}],"replies":[{"embeddable":true,"href":"https:\/\/gnews.cz\/it\/wp-json\/wp\/v2\/comments?post=14"}],"version-history":[{"count":5,"href":"https:\/\/gnews.cz\/it\/wp-json\/wp\/v2\/pages\/14\/revisions"}],"predecessor-version":[{"id":44401,"href":"https:\/\/gnews.cz\/it\/wp-json\/wp\/v2\/pages\/14\/revisions\/44401"}],"wp:featuredmedia":[{"embeddable":true,"href":"https:\/\/gnews.cz\/it\/wp-json\/wp\/v2\/media\/41869"}],"wp:attachment":[{"href":"https:\/\/gnews.cz\/it\/wp-json\/wp\/v2\/media?parent=14"}],"curies":[{"name":"wp","href":"https:\/\/api.w.org\/{rel}","templated":true}]}}